{"id":74,"date":"2017-10-05T13:02:14","date_gmt":"2017-10-05T11:02:14","guid":{"rendered":"https:\/\/dice.masterdesign.se\/standard\/?page_id=74"},"modified":"2024-10-03T14:01:27","modified_gmt":"2024-10-03T12:01:27","slug":"information","status":"publish","type":"page","link":"https:\/\/dice.masterdesign.se\/unionen\/information\/","title":{"rendered":"Information"},"content":{"rendered":"<div class=\"wpb-content-wrapper\"><p>[vc_row][vc_column][vc_empty_space][vc_column_text]<\/p>\n<h1><i class=\"fa fa-info-circle\" aria-hidden=\"true\"><\/i> Information<\/h1>\n<p>Denna best\u00e4llningsportal drivs av\u00a0<strong>Master Design<\/strong> till f\u00f6rm\u00e5n f\u00f6r Unionen.<\/p>\n<p>Master Design sk\u00f6ter all orderhantering och distribution, de tar v\u00e4l hand om din best\u00e4llning. Observera att produkterna endast g\u00e5r att k\u00f6pa via denna best\u00e4llningsportal, det finns ingen befintlig butik d\u00e4r du kan k\u00f6pa produkterna eller h\u00e4mta din best\u00e4llning.<\/p>\n<h3>Frakter<\/h3>\n<p>Vi anv\u00e4nder normalt Postnord f\u00f6r frakter.<\/p>\n<h3>Leveranstider<\/h3>\n<p>Leveranstiden \u00e4r normalt 2-3 arbetsdagar f\u00f6r inrikesleveranser p\u00e5 lagerf\u00f6rda artiklar.<br \/>\nLeveranstid p\u00e5 best\u00e4llningsvaror \u00e4r ca. 2-3 veckor.<\/p>\n<h3>K\u00f6pvillkor<\/h3>\n<p>Villkoren nedan anpassas i dialog mellan Master Design och kunden.<\/p>\n<p>Alla priser i webshopen \u00e4r inklusive moms.<\/p>\n<p><strong>Betalning<\/strong><br \/>\nEfter varje leverans skickas faktura m\u00e4rkt med kostnadsst\u00e4lle eller annan \u00f6verenskommen m\u00e4rkning.<\/p>\n<p>F\u00f6rtroendevalda har ut\u00f6ver faktura m\u00f6jlighet att betala mer kort och swish.<\/p>\n<p><strong>Leverans<\/strong><br \/>\nLeverans sker med Postnord till leveransadress eller utl\u00e4mningsst\u00e4lle.<\/p>\n<p><strong>Retur<\/strong><br \/>\nVid retur av en vara, kontakta Master Design p\u00e5 08 744 13 30 f\u00f6r instruktioner eller skicka e-post till dice@masterdesign.se. Returfrakt betalas av best\u00e4llaren.<\/p>\n<p><strong>Reklamation<\/strong><br \/>\nOm du av n\u00e5gon anledning vill reklamera en vara s\u00e5 kontakta Master Design p\u00e5 08 744 13 30 f\u00f6r instruktioner eller skicka e-post till dice@masterdesign.se. Vid reklamation av en vara s\u00e5 f\u00e5r du en fraktsedel av oss f\u00f6r att skicka tillbaka varan.<\/p>\n<p><strong>Frakt<\/strong><\/p>\n<p>Priser framg\u00e5r i SEK per s\u00e4ndning, inklusive moms.<br \/>\nVikt avrundas upp\u00e5t till n\u00e4rmaste helt kilo.<br \/>\nFraktpriserna \u00e4r ber\u00e4knande utifr\u00e5n Postnords prislista inklusive drivmedelstill\u00e4gg, storstadstill\u00e4gg samt volymtaxering. Avser deras tj\u00e4nst \u201dpaket\u201d d v s maxvikt 150 kg (0,53 kbm). Om order skickas med pall \u00e4r det en annan taxering som debiteras.<\/p>\n<p>&nbsp;<\/p>\n<table style=\"border-collapse: collapse; width: 250px; height: 299px;\" border=\"0\" width=\"174\" cellspacing=\"0\" cellpadding=\"0\">\n<tbody>\n<tr style=\"height: 16.0pt;\">\n<td class=\"xl63\" style=\"height: 16.0pt; width: 65pt;\" width=\"87\" height=\"21\">Vikt (Kg)<\/td>\n<td style=\"width: 65pt;\" width=\"87\">Pris (inkl. moms)<\/td>\n<\/tr>\n<tr style=\"height: 16.0pt;\">\n<td class=\"xl63\" style=\"height: 16.0pt;\" height=\"21\">1-2<\/td>\n<td align=\"right\">160<\/td>\n<\/tr>\n<tr style=\"height: 16.0pt;\">\n<td class=\"xl63\" style=\"height: 16.0pt;\" height=\"21\">3-5<\/td>\n<td align=\"right\">190<\/td>\n<\/tr>\n<tr style=\"height: 16.0pt;\">\n<td class=\"xl63\" style=\"height: 16.0pt;\" height=\"21\">6-10<\/td>\n<td align=\"right\">215<\/td>\n<\/tr>\n<tr style=\"height: 16.0pt;\">\n<td class=\"xl63\" style=\"height: 16.0pt;\" height=\"21\">11-15<\/td>\n<td align=\"right\">230<\/td>\n<\/tr>\n<tr style=\"height: 16.0pt;\">\n<td class=\"xl63\" style=\"height: 16.0pt;\" height=\"21\">16-20<\/td>\n<td align=\"right\">260<\/td>\n<\/tr>\n<tr style=\"height: 16.0pt;\">\n<td class=\"xl63\" style=\"height: 16.0pt;\" height=\"21\">21-35<\/td>\n<td align=\"right\">315<\/td>\n<\/tr>\n<tr style=\"height: 16.0pt;\">\n<td class=\"xl63\" style=\"height: 16.0pt;\" height=\"21\">36-50<\/td>\n<td align=\"right\">425<\/td>\n<\/tr>\n<tr style=\"height: 16.0pt;\">\n<td class=\"xl63\" style=\"height: 16.0pt;\" height=\"21\">50-80<\/td>\n<td align=\"right\">570<\/td>\n<\/tr>\n<tr style=\"height: 16.0pt;\">\n<td class=\"xl63\" style=\"height: 16.0pt;\" height=\"21\">81-100<\/td>\n<td align=\"right\">700<\/td>\n<\/tr>\n<tr style=\"height: 16.0pt;\">\n<td class=\"xl63\" style=\"height: 16.0pt;\" height=\"21\">101-150<\/td>\n<td align=\"right\">930<\/td>\n<\/tr>\n<\/tbody>\n<\/table>\n<p>[\/vc_column_text][\/vc_column][\/vc_row]<\/p>\n<\/div>","protected":false},"excerpt":{"rendered":"<p>[vc_row][vc_column][vc_empty_space][vc_column_text] Information Denna best\u00e4llningsportal drivs av\u00a0Master Design till f\u00f6rm\u00e5n f\u00f6r Unionen. Master Design sk\u00f6ter all orderhantering och distribution, de tar v\u00e4l hand om din best\u00e4llning. Observera att produkterna endast g\u00e5r att k\u00f6pa via denna best\u00e4llningsportal, det finns ingen befintlig butik d\u00e4r du kan k\u00f6pa produkterna eller h\u00e4mta din best\u00e4llning. Frakter Vi anv\u00e4nder normalt Postnord f\u00f6r &hellip;<\/p>\n","protected":false},"author":1,"featured_media":0,"parent":0,"menu_order":0,"comment_status":"closed","ping_status":"closed","template":"","meta":{"footnotes":""},"class_list":["post-74","page","type-page","status-publish","hentry"],"_links":{"self":[{"href":"https:\/\/dice.masterdesign.se\/unionen\/wp-json\/wp\/v2\/pages\/74","targetHints":{"allow":["GET"]}}],"collection":[{"href":"https:\/\/dice.masterdesign.se\/unionen\/wp-json\/wp\/v2\/pages"}],"about":[{"href":"https:\/\/dice.masterdesign.se\/unionen\/wp-json\/wp\/v2\/types\/page"}],"author":[{"embeddable":true,"href":"https:\/\/dice.masterdesign.se\/unionen\/wp-json\/wp\/v2\/users\/1"}],"replies":[{"embeddable":true,"href":"https:\/\/dice.masterdesign.se\/unionen\/wp-json\/wp\/v2\/comments?post=74"}],"version-history":[{"count":9,"href":"https:\/\/dice.masterdesign.se\/unionen\/wp-json\/wp\/v2\/pages\/74\/revisions"}],"predecessor-version":[{"id":4238,"href":"https:\/\/dice.masterdesign.se\/unionen\/wp-json\/wp\/v2\/pages\/74\/revisions\/4238"}],"wp:attachment":[{"href":"https:\/\/dice.masterdesign.se\/unionen\/wp-json\/wp\/v2\/media?parent=74"}],"curies":[{"name":"wp","href":"https:\/\/api.w.org\/{rel}","templated":true}]}}