{"id":96,"date":"2017-10-27T08:34:25","date_gmt":"2017-10-27T06:34:25","guid":{"rendered":"https:\/\/dice.masterdesign.se\/standard\/?page_id=96"},"modified":"2025-03-04T08:36:09","modified_gmt":"2025-03-04T07:36:09","slug":"fragor-svar","status":"publish","type":"page","link":"https:\/\/dice.masterdesign.se\/unionen\/fragor-svar\/","title":{"rendered":"Fr\u00e5gor &#038; Svar"},"content":{"rendered":"<div class=\"wpb-content-wrapper\"><p>[vc_row][vc_column][vc_empty_space][vc_column_text]<\/p>\n<h1><i class=\"fa fa-question-circle\" aria-hidden=\"true\"><\/i> Fr\u00e5gor &amp; Svar<\/h1>\n<p>[\/vc_column_text][\/vc_column][\/vc_row][vc_row][vc_column width=&#8221;1\/2&#8243;][vc_column_text]<\/p>\n<h5>Hur l\u00e5ng \u00e4r leveransen?<\/h5>\n<p>Normalt 2-3 arbetsdagar f\u00f6r inrikesleveranser. F\u00f6r produkter som produceras efter best\u00e4llning blir leveranstiden l\u00e4ngre. Mer info vad som g\u00e4ller f\u00f6r varje enskild produkt finns i artikelbeskrivningen.<\/p>\n<h5>N\u00e4r skickas varan om den \u00e4r restnoterad?<\/h5>\n<p>S\u00e5 fort den kommer in p\u00e5 lager. F\u00f6r mer information kontakta <a href=\"mailto:dice@masterdesign.se\">dice@masterdesign.se<\/a><\/p>\n<h5>Det st\u00e5r &#8220;Ej i lager&#8221;, vad inneb\u00e4r det?<\/h5>\n<p>Varan finns f\u00f6r tillf\u00e4llet inte i lager.<\/p>\n<h5>Hur \u00e4ndrar jag leveransadress p\u00e5 min order?<\/h5>\n<p>Kontakta oss via e-post\u00a0<a href=\"mailto:dice@masterdesign.se\">dice@masterdesign.se<\/a> snarast m\u00f6jligt och ange ordernummer och ny leveransadress.[\/vc_column_text][\/vc_column][vc_column width=&#8221;1\/2&#8243;][vc_column_text]<\/p>\n<h5>Hur g\u00f6r jag om jag har f\u00e5tt fel varor?<\/h5>\n<p>Kontakta oss via e-post (<a href=\"mailto:dice@masterdesign.se\">dice@masterdesign.se<\/a>) s\u00e5 kommer nya varor att skickas tillsammans med en retursedel f\u00f6r de felaktiga varorna.<\/p>\n<h5>Vissa varor ur min leverans saknas?<\/h5>\n<p>Kontakta oss via e-post (<a href=\"mailto:dice@masterdesign.se\">dice@masterdesign.se<\/a>) s\u00e5 kommer vi se till att varorna skickas omedelbart fr\u00e5n v\u00e5rt lager.<\/p>\n<h5>Min order har inte kommit fram?<\/h5>\n<p>Du kan se status p\u00e5 din best\u00e4llning med hj\u00e4lp av trackingnumret du f\u00e5tt n\u00e4r varan l\u00e4mnat lagret. Maila ordernummer till <a href=\"mailto:dice@masterdesign.se\">dice@masterdesign.se<\/a> s\u00e5 hj\u00e4lper vi dig att sp\u00e5ra f\u00f6rs\u00e4ndelsen ifall du har n\u00e5gra ytterligare fr\u00e5gor.<\/p>\n<h5>Vad g\u00f6r jag om jag har r\u00e5kat best\u00e4lla fel produkter?<\/h5>\n<p>Kontakta oss via e-post (<a href=\"mailto:dice@masterdesign.se\">dice@masterdesign.se<\/a>) s\u00e5 snart som m\u00f6jligt.[\/vc_column_text][\/vc_column][\/vc_row]<\/p>\n<\/div>","protected":false},"excerpt":{"rendered":"<p>[vc_row][vc_column][vc_empty_space][vc_column_text] Fr\u00e5gor &amp; Svar [\/vc_column_text][\/vc_column][\/vc_row][vc_row][vc_column width=&#8221;1\/2&#8243;][vc_column_text] Hur l\u00e5ng \u00e4r leveransen? Normalt 2-3 arbetsdagar f\u00f6r inrikesleveranser. F\u00f6r produkter som produceras efter best\u00e4llning blir leveranstiden l\u00e4ngre. Mer info vad som g\u00e4ller f\u00f6r varje enskild produkt finns i artikelbeskrivningen. N\u00e4r skickas varan om den \u00e4r restnoterad? S\u00e5 fort den kommer in p\u00e5 lager. F\u00f6r mer information kontakta dice@masterdesign.se &hellip;<\/p>\n","protected":false},"author":1,"featured_media":0,"parent":0,"menu_order":0,"comment_status":"closed","ping_status":"closed","template":"","meta":{"footnotes":""},"class_list":["post-96","page","type-page","status-publish","hentry"],"_links":{"self":[{"href":"https:\/\/dice.masterdesign.se\/unionen\/wp-json\/wp\/v2\/pages\/96","targetHints":{"allow":["GET"]}}],"collection":[{"href":"https:\/\/dice.masterdesign.se\/unionen\/wp-json\/wp\/v2\/pages"}],"about":[{"href":"https:\/\/dice.masterdesign.se\/unionen\/wp-json\/wp\/v2\/types\/page"}],"author":[{"embeddable":true,"href":"https:\/\/dice.masterdesign.se\/unionen\/wp-json\/wp\/v2\/users\/1"}],"replies":[{"embeddable":true,"href":"https:\/\/dice.masterdesign.se\/unionen\/wp-json\/wp\/v2\/comments?post=96"}],"version-history":[{"count":3,"href":"https:\/\/dice.masterdesign.se\/unionen\/wp-json\/wp\/v2\/pages\/96\/revisions"}],"predecessor-version":[{"id":6658,"href":"https:\/\/dice.masterdesign.se\/unionen\/wp-json\/wp\/v2\/pages\/96\/revisions\/6658"}],"wp:attachment":[{"href":"https:\/\/dice.masterdesign.se\/unionen\/wp-json\/wp\/v2\/media?parent=96"}],"curies":[{"name":"wp","href":"https:\/\/api.w.org\/{rel}","templated":true}]}}