{"id":1175,"date":"2024-04-15T08:42:20","date_gmt":"2024-04-15T06:42:20","guid":{"rendered":"https:\/\/dice.masterdesign.se\/unionen\/?post_type=product&#038;p=1175"},"modified":"2026-04-30T10:07:31","modified_gmt":"2026-04-30T08:07:31","slug":"termosmugg","status":"publish","type":"product","link":"https:\/\/dice.masterdesign.se\/unionen\/produkt\/termosmugg\/","title":{"rendered":"Termosmugg"},"content":{"rendered":"","protected":false},"excerpt":{"rendered":"<p>250 ml isolerad termos tillverkad av RCS-\u00e5tervunnet rostfritt st\u00e5l h\u00e5ller dryckerna varma under en l\u00e4ngre period. Kombinationen av PP-plast och rostfritt st\u00e5l g\u00f6r den till en stark termos som st\u00e5r emot korrosion och \u00e4r l\u00e4tt att reng\u00f6ra. Det vridbara locket g\u00f6r det enkelt att \u00f6ppna och st\u00e4nga termosen och g\u00f6r det l\u00e4tt att dricka ur den.<\/p>\n<p>&nbsp;<\/p>\n","protected":false},"featured_media":2439,"template":"","meta":[],"product_brand":[],"product_cat":[106,36],"product_tag":[],"class_list":{"0":"post-1175","1":"product","2":"type-product","3":"status-publish","4":"has-post-thumbnail","6":"product_cat-lagerprodukt","7":"product_cat-produkter","9":"first","10":"instock","11":"taxable","12":"shipping-taxable","13":"purchasable","14":"product-type-simple"},"_links":{"self":[{"href":"https:\/\/dice.masterdesign.se\/unionen\/wp-json\/wp\/v2\/product\/1175","targetHints":{"allow":["GET"]}}],"collection":[{"href":"https:\/\/dice.masterdesign.se\/unionen\/wp-json\/wp\/v2\/product"}],"about":[{"href":"https:\/\/dice.masterdesign.se\/unionen\/wp-json\/wp\/v2\/types\/product"}],"wp:featuredmedia":[{"embeddable":true,"href":"https:\/\/dice.masterdesign.se\/unionen\/wp-json\/wp\/v2\/media\/2439"}],"wp:attachment":[{"href":"https:\/\/dice.masterdesign.se\/unionen\/wp-json\/wp\/v2\/media?parent=1175"}],"wp:term":[{"taxonomy":"product_brand","embeddable":true,"href":"https:\/\/dice.masterdesign.se\/unionen\/wp-json\/wp\/v2\/product_brand?post=1175"},{"taxonomy":"product_cat","embeddable":true,"href":"https:\/\/dice.masterdesign.se\/unionen\/wp-json\/wp\/v2\/product_cat?post=1175"},{"taxonomy":"product_tag","embeddable":true,"href":"https:\/\/dice.masterdesign.se\/unionen\/wp-json\/wp\/v2\/product_tag?post=1175"}],"curies":[{"name":"wp","href":"https:\/\/api.w.org\/{rel}","templated":true}]}}