{"id":1180,"date":"2024-04-15T08:44:40","date_gmt":"2024-04-15T06:44:40","guid":{"rendered":"https:\/\/dice.masterdesign.se\/unionen\/?post_type=product&#038;p=1180"},"modified":"2026-04-30T10:07:20","modified_gmt":"2026-04-30T08:07:20","slug":"pappskal-med-karameller","status":"publish","type":"product","link":"https:\/\/dice.masterdesign.se\/unionen\/produkt\/pappskal-med-karameller\/","title":{"rendered":"Pappsk\u00e5l med karameller BF 2026-05-15"},"content":{"rendered":"<p><strong>Fizzy karameller<br \/>\ni<\/strong><strong>nneh\u00e5llsf\u00f6rteckning<br \/>\n<\/strong>Socker, glukossirap, surhetsreglerande medel (\u00e4ppelsyra, natriumbikarbonat), arom, f\u00e4rg\u00e4mnen (E120, E133)<\/p>\n<table style=\"height: 287px;\" width=\"392\">\n<tbody>\n<tr>\n<td width=\"251\"><strong>N\u00e4ringsv\u00e4rde per 100 g <\/strong>Energiv\u00e4rde<\/td>\n<td colspan=\"2\" width=\"117\">1650 kJ<\/td>\n<\/tr>\n<tr>\n<td width=\"251\"><\/td>\n<td colspan=\"2\" width=\"117\">390 kcal<\/td>\n<\/tr>\n<tr>\n<td width=\"251\">Fett varav<\/td>\n<td width=\"51\">0<\/td>\n<td width=\"66\">g<\/td>\n<\/tr>\n<tr>\n<td width=\"251\">M\u00e4ttat fett<\/td>\n<td width=\"51\">0<\/td>\n<td width=\"66\">g<\/td>\n<\/tr>\n<tr>\n<td width=\"251\">Kolhydrater varav<\/td>\n<td width=\"51\">93,9<\/td>\n<td width=\"66\">g<\/td>\n<\/tr>\n<tr>\n<td width=\"251\">Sockerarter<\/td>\n<td width=\"51\">73,9<\/td>\n<td width=\"66\">g<\/td>\n<\/tr>\n<tr>\n<td width=\"251\">Protein<\/td>\n<td width=\"51\">0<\/td>\n<td width=\"66\">g<\/td>\n<\/tr>\n<tr>\n<td width=\"251\">Salt<\/td>\n<td colspan=\"2\" width=\"117\">&lt;0,01 g<\/td>\n<\/tr>\n<\/tbody>\n<\/table>\n<p><strong>Hallonsalta karameller<br \/>\n<\/strong><strong>inneh\u00e5llsf\u00f6rteckning<br \/>\n<\/strong>Socker, glukossirap, ammoniumklorid, aromer, surhetsreglerande medel (\u00e4ppelsyra), lakritspulver, f\u00e4rg\u00e4mnen (E153, E120)<\/p>\n<table style=\"height: 308px;\" width=\"387\">\n<tbody>\n<tr>\n<td width=\"233\"><strong>N\u00e4ringsv\u00e4rde per 100 g <\/strong>Energiv\u00e4rde<\/td>\n<td colspan=\"2\" width=\"133\">1630 kJ<\/td>\n<\/tr>\n<tr>\n<td width=\"233\"><\/td>\n<td colspan=\"2\" width=\"133\">390 \u00a0kcal<\/td>\n<\/tr>\n<tr>\n<td width=\"233\">Fett varav<\/td>\n<td width=\"78\">0<\/td>\n<td width=\"55\">g<\/td>\n<\/tr>\n<tr>\n<td width=\"233\">M\u00e4ttat fett<\/td>\n<td width=\"78\">0<\/td>\n<td width=\"55\">g<\/td>\n<\/tr>\n<tr>\n<td width=\"233\">Kolhydrater varav<\/td>\n<td width=\"78\">94,7<\/td>\n<td width=\"55\">g<\/td>\n<\/tr>\n<tr>\n<td width=\"233\">Sockerarter<\/td>\n<td width=\"78\">74,3<\/td>\n<td width=\"55\">g<\/td>\n<\/tr>\n<tr>\n<td width=\"233\">Protein<\/td>\n<td width=\"78\">0<\/td>\n<td width=\"55\">g<\/td>\n<\/tr>\n<tr>\n<td width=\"233\">Salt<\/td>\n<td colspan=\"2\" width=\"133\">&lt;0,01 g<\/td>\n<\/tr>\n<\/tbody>\n<\/table>\n","protected":false},"excerpt":{"rendered":"<p>L\u00e5da med dubbel-funktion, ta av locket s\u00e5 har du en sk\u00e5l perfekt f\u00f6r fikabordet. 350 gram karameller med smak av Fizzy och Hallon\/Lakrits.<\/p>\n<p>B\u00e4st f\u00f6re: <span data-sheets-root=\"1\">2026-05-15<br \/>\n<\/span><\/p>\n","protected":false},"featured_media":4915,"template":"","meta":[],"product_brand":[],"product_cat":[97,106],"product_tag":[],"class_list":{"0":"post-1180","1":"product","2":"type-product","3":"status-publish","4":"has-post-thumbnail","6":"product_cat-atbart","7":"product_cat-lagerprodukt","9":"first","10":"instock","11":"sale","12":"taxable","13":"shipping-taxable","14":"purchasable","15":"product-type-simple"},"_links":{"self":[{"href":"https:\/\/dice.masterdesign.se\/unionen\/wp-json\/wp\/v2\/product\/1180","targetHints":{"allow":["GET"]}}],"collection":[{"href":"https:\/\/dice.masterdesign.se\/unionen\/wp-json\/wp\/v2\/product"}],"about":[{"href":"https:\/\/dice.masterdesign.se\/unionen\/wp-json\/wp\/v2\/types\/product"}],"wp:featuredmedia":[{"embeddable":true,"href":"https:\/\/dice.masterdesign.se\/unionen\/wp-json\/wp\/v2\/media\/4915"}],"wp:attachment":[{"href":"https:\/\/dice.masterdesign.se\/unionen\/wp-json\/wp\/v2\/media?parent=1180"}],"wp:term":[{"taxonomy":"product_brand","embeddable":true,"href":"https:\/\/dice.masterdesign.se\/unionen\/wp-json\/wp\/v2\/product_brand?post=1180"},{"taxonomy":"product_cat","embeddable":true,"href":"https:\/\/dice.masterdesign.se\/unionen\/wp-json\/wp\/v2\/product_cat?post=1180"},{"taxonomy":"product_tag","embeddable":true,"href":"https:\/\/dice.masterdesign.se\/unionen\/wp-json\/wp\/v2\/product_tag?post=1180"}],"curies":[{"name":"wp","href":"https:\/\/api.w.org\/{rel}","templated":true}]}}