{"id":1190,"date":"2024-04-15T08:52:20","date_gmt":"2024-04-15T06:52:20","guid":{"rendered":"https:\/\/dice.masterdesign.se\/unionen\/?post_type=product&#038;p=1190"},"modified":"2026-04-30T10:06:15","modified_gmt":"2026-04-30T08:06:15","slug":"musmatta-3-i-1","status":"publish","type":"product","link":"https:\/\/dice.masterdesign.se\/unionen\/produkt\/musmatta-3-i-1\/","title":{"rendered":"Musmatta 3-i-1"},"content":{"rendered":"","protected":false},"excerpt":{"rendered":"<p>Musmattan kan anv\u00e4ndas till att putsa glas\u00f6gonen eller bildsk\u00e4rmen och l\u00e4gg den p\u00e5 tangentbordet n\u00e4r du st\u00e4nger laptop-locket s\u00e5 slipper du m\u00e4rken p\u00e5 sk\u00e4rmen. P\u00e5 baksidan finns silicon-duttar som g\u00f6r att mattan ligger still p\u00e5 bordet. Kommer i en presentask av \u00e5tervunnen kartong.<\/p>\n","protected":false},"featured_media":2444,"template":"","meta":[],"product_brand":[],"product_cat":[106,36],"product_tag":[],"class_list":{"0":"post-1190","1":"product","2":"type-product","3":"status-publish","4":"has-post-thumbnail","6":"product_cat-lagerprodukt","7":"product_cat-produkter","9":"first","10":"instock","11":"taxable","12":"shipping-taxable","13":"purchasable","14":"product-type-simple"},"_links":{"self":[{"href":"https:\/\/dice.masterdesign.se\/unionen\/wp-json\/wp\/v2\/product\/1190","targetHints":{"allow":["GET"]}}],"collection":[{"href":"https:\/\/dice.masterdesign.se\/unionen\/wp-json\/wp\/v2\/product"}],"about":[{"href":"https:\/\/dice.masterdesign.se\/unionen\/wp-json\/wp\/v2\/types\/product"}],"wp:featuredmedia":[{"embeddable":true,"href":"https:\/\/dice.masterdesign.se\/unionen\/wp-json\/wp\/v2\/media\/2444"}],"wp:attachment":[{"href":"https:\/\/dice.masterdesign.se\/unionen\/wp-json\/wp\/v2\/media?parent=1190"}],"wp:term":[{"taxonomy":"product_brand","embeddable":true,"href":"https:\/\/dice.masterdesign.se\/unionen\/wp-json\/wp\/v2\/product_brand?post=1190"},{"taxonomy":"product_cat","embeddable":true,"href":"https:\/\/dice.masterdesign.se\/unionen\/wp-json\/wp\/v2\/product_cat?post=1190"},{"taxonomy":"product_tag","embeddable":true,"href":"https:\/\/dice.masterdesign.se\/unionen\/wp-json\/wp\/v2\/product_tag?post=1190"}],"curies":[{"name":"wp","href":"https:\/\/api.w.org\/{rel}","templated":true}]}}