{"id":1197,"date":"2024-04-15T08:56:45","date_gmt":"2024-04-15T06:56:45","guid":{"rendered":"https:\/\/dice.masterdesign.se\/unionen\/?post_type=product&#038;p=1197"},"modified":"2026-04-30T10:06:15","modified_gmt":"2026-04-30T08:06:15","slug":"isskrapa","status":"publish","type":"product","link":"https:\/\/dice.masterdesign.se\/unionen\/produkt\/isskrapa\/","title":{"rendered":"Isskrapa med P-skiva (10-pack)"},"content":{"rendered":"","protected":false},"excerpt":{"rendered":"<p>Isskrapa och p-skiva i ett. Kan \u00e4ven anv\u00e4ndas f\u00f6r att m\u00e4ta d\u00e4ckdjupet och g\u00f6ra rent eller ta bort is fr\u00e5n torkarbladen.<\/p>\n<p>Producerad av minst 50 % \u00e5tervunnen plast<\/p>\n<p>&nbsp;<\/p>\n","protected":false},"featured_media":9375,"template":"","meta":[],"product_brand":[],"product_cat":[106,36],"product_tag":[],"class_list":{"0":"post-1197","1":"product","2":"type-product","3":"status-publish","4":"has-post-thumbnail","6":"product_cat-lagerprodukt","7":"product_cat-produkter","9":"first","10":"instock","11":"taxable","12":"shipping-taxable","13":"purchasable","14":"product-type-simple"},"_links":{"self":[{"href":"https:\/\/dice.masterdesign.se\/unionen\/wp-json\/wp\/v2\/product\/1197","targetHints":{"allow":["GET"]}}],"collection":[{"href":"https:\/\/dice.masterdesign.se\/unionen\/wp-json\/wp\/v2\/product"}],"about":[{"href":"https:\/\/dice.masterdesign.se\/unionen\/wp-json\/wp\/v2\/types\/product"}],"wp:featuredmedia":[{"embeddable":true,"href":"https:\/\/dice.masterdesign.se\/unionen\/wp-json\/wp\/v2\/media\/9375"}],"wp:attachment":[{"href":"https:\/\/dice.masterdesign.se\/unionen\/wp-json\/wp\/v2\/media?parent=1197"}],"wp:term":[{"taxonomy":"product_brand","embeddable":true,"href":"https:\/\/dice.masterdesign.se\/unionen\/wp-json\/wp\/v2\/product_brand?post=1197"},{"taxonomy":"product_cat","embeddable":true,"href":"https:\/\/dice.masterdesign.se\/unionen\/wp-json\/wp\/v2\/product_cat?post=1197"},{"taxonomy":"product_tag","embeddable":true,"href":"https:\/\/dice.masterdesign.se\/unionen\/wp-json\/wp\/v2\/product_tag?post=1197"}],"curies":[{"name":"wp","href":"https:\/\/api.w.org\/{rel}","templated":true}]}}