{"id":1200,"date":"2024-04-15T08:57:46","date_gmt":"2024-04-15T06:57:46","guid":{"rendered":"https:\/\/dice.masterdesign.se\/unionen\/?post_type=product&#038;p=1200"},"modified":"2026-04-30T10:06:14","modified_gmt":"2026-04-30T08:06:14","slug":"vandbar-solhatt","status":"publish","type":"product","link":"https:\/\/dice.masterdesign.se\/unionen\/produkt\/vandbar-solhatt\/","title":{"rendered":"V\u00e4ndbar solhatt"},"content":{"rendered":"","protected":false},"excerpt":{"rendered":"<p>Fullf\u00e4rgad v\u00e4ndbar solhatt i 260gsm polyester. V\u00e4nd hatten efter ditt hum\u00f6r! Ena sidan \u00e4r designad med Unionen och den andra med Pride! V\u00e4nd bara hatten ut och in och avsl\u00f6ja en ny, annorlunda design!<\/p>\n","protected":false},"featured_media":3503,"template":"","meta":[],"product_brand":[],"product_cat":[106,108,46,139],"product_tag":[],"class_list":{"0":"post-1200","1":"product","2":"type-product","3":"status-publish","4":"has-post-thumbnail","6":"product_cat-lagerprodukt","7":"product_cat-lagervaror","8":"product_cat-pride","9":"product_cat-profilartiklarpride","11":"first","12":"instock","13":"taxable","14":"shipping-taxable","15":"purchasable","16":"product-type-simple"},"_links":{"self":[{"href":"https:\/\/dice.masterdesign.se\/unionen\/wp-json\/wp\/v2\/product\/1200","targetHints":{"allow":["GET"]}}],"collection":[{"href":"https:\/\/dice.masterdesign.se\/unionen\/wp-json\/wp\/v2\/product"}],"about":[{"href":"https:\/\/dice.masterdesign.se\/unionen\/wp-json\/wp\/v2\/types\/product"}],"wp:featuredmedia":[{"embeddable":true,"href":"https:\/\/dice.masterdesign.se\/unionen\/wp-json\/wp\/v2\/media\/3503"}],"wp:attachment":[{"href":"https:\/\/dice.masterdesign.se\/unionen\/wp-json\/wp\/v2\/media?parent=1200"}],"wp:term":[{"taxonomy":"product_brand","embeddable":true,"href":"https:\/\/dice.masterdesign.se\/unionen\/wp-json\/wp\/v2\/product_brand?post=1200"},{"taxonomy":"product_cat","embeddable":true,"href":"https:\/\/dice.masterdesign.se\/unionen\/wp-json\/wp\/v2\/product_cat?post=1200"},{"taxonomy":"product_tag","embeddable":true,"href":"https:\/\/dice.masterdesign.se\/unionen\/wp-json\/wp\/v2\/product_tag?post=1200"}],"curies":[{"name":"wp","href":"https:\/\/api.w.org\/{rel}","templated":true}]}}