{"id":1202,"date":"2024-04-15T08:59:20","date_gmt":"2024-04-15T06:59:20","guid":{"rendered":"https:\/\/dice.masterdesign.se\/unionen\/?post_type=product&#038;p=1202"},"modified":"2026-04-30T10:06:14","modified_gmt":"2026-04-30T08:06:14","slug":"tuggummi-25-pack","status":"publish","type":"product","link":"https:\/\/dice.masterdesign.se\/unionen\/produkt\/tuggummi-25-pack\/","title":{"rendered":"Tuggummi (25 paket)"},"content":{"rendered":"<p><strong>Inneh\u00e5llsf\u00f6rteckning<br \/>\n<\/strong>Ingredienser: S\u00f6tningsmedel (Maltitol E965) (Sorbitol E420) (Mannitol E421) (Maltitolsirap E965), Gummibas, Glycerine (E422,fuktighetsbevarande medel, ickeanimalsk), Naturlig och artificiell spearmintsmak, Gummiarabicum (E414 stabiliserande),Modifierad st\u00e4rkelse (stabiliserande), Sojalecitin (E322 emulgeringsmedel), S\u00f6tningsmedel (aspartam E951), Kaliumacesulfam(E950), Carnaubavax (E903, glaseringsmedel).INNEH\u00c5LLER SOJALECITIN. \u00d6verdriven konsumtion kan ha laxerande effekt.<\/p>\n<p><strong>100 g inneh\u00e5ller i genomsnitt<br \/>\n<\/strong> Energi 162,8 g kcal\/681,3 kJ, Fett 0 g, Kolhydrater 0 g, Polyoler 67,5 g, Sockerarter 0 g, Protein 0 g. Inneh\u00e5ller en k\u00e4lla till fenylaninin.<\/p>\n","protected":false},"excerpt":{"rendered":"<p>8st tuggummin i v\u00e4lsmakande spearmint. Packas i st\u00f6rre f\u00f6rpackningar med 25 st paket tuggummi\/f\u00f6rpackning.<\/p>\n<p>BF datum 2026-10 f\u00f6rvaras torrt &amp; svalt!<\/p>\n<p>&nbsp;<\/p>\n","protected":false},"featured_media":3488,"template":"","meta":[],"product_brand":[],"product_cat":[97,106],"product_tag":[],"class_list":{"0":"post-1202","1":"product","2":"type-product","3":"status-publish","4":"has-post-thumbnail","6":"product_cat-atbart","7":"product_cat-lagerprodukt","9":"first","10":"instock","11":"taxable","12":"shipping-taxable","13":"purchasable","14":"product-type-simple"},"_links":{"self":[{"href":"https:\/\/dice.masterdesign.se\/unionen\/wp-json\/wp\/v2\/product\/1202","targetHints":{"allow":["GET"]}}],"collection":[{"href":"https:\/\/dice.masterdesign.se\/unionen\/wp-json\/wp\/v2\/product"}],"about":[{"href":"https:\/\/dice.masterdesign.se\/unionen\/wp-json\/wp\/v2\/types\/product"}],"wp:featuredmedia":[{"embeddable":true,"href":"https:\/\/dice.masterdesign.se\/unionen\/wp-json\/wp\/v2\/media\/3488"}],"wp:attachment":[{"href":"https:\/\/dice.masterdesign.se\/unionen\/wp-json\/wp\/v2\/media?parent=1202"}],"wp:term":[{"taxonomy":"product_brand","embeddable":true,"href":"https:\/\/dice.masterdesign.se\/unionen\/wp-json\/wp\/v2\/product_brand?post=1202"},{"taxonomy":"product_cat","embeddable":true,"href":"https:\/\/dice.masterdesign.se\/unionen\/wp-json\/wp\/v2\/product_cat?post=1202"},{"taxonomy":"product_tag","embeddable":true,"href":"https:\/\/dice.masterdesign.se\/unionen\/wp-json\/wp\/v2\/product_tag?post=1202"}],"curies":[{"name":"wp","href":"https:\/\/api.w.org\/{rel}","templated":true}]}}