{"id":1205,"date":"2024-04-15T09:00:20","date_gmt":"2024-04-15T07:00:20","guid":{"rendered":"https:\/\/dice.masterdesign.se\/unionen\/?post_type=product&#038;p=1205"},"modified":"2026-04-30T10:06:14","modified_gmt":"2026-04-30T08:06:14","slug":"slapwrap","status":"publish","type":"product","link":"https:\/\/dice.masterdesign.se\/unionen\/produkt\/slapwrap\/","title":{"rendered":"Slapwrap (10-pack)"},"content":{"rendered":"<p>Tillverkad i ett h\u00f6greflekterande kvalitetsmaterial. Vitt reflexmaterial d\u00e4r trycket sitter under reflexytan f\u00f6r maximal reflekterande effekt. Produkten \u00e4r godk\u00e4nd enligt CE EN 17353:2020 B2. F\u00f6r att uppfylla kravet i standarden s\u00e5 skall minst tv\u00e5 slapwraps b\u00e4ras samtidigt p\u00e5 vardera sida av kroppen, antingen p\u00e5 armar\/ben eller b\u00e5da.<\/p>\n<p>&nbsp;<\/p>\n","protected":false},"excerpt":{"rendered":"<p style=\"font-weight: 400;\">Reflex som du enkelt s\u00e4tter p\u00e5 genom att sl\u00e5 l\u00e4tt mot armen eller benet.<\/p>\n<p>&nbsp;<\/p>\n<p>&nbsp;<\/p>\n<p>&nbsp;<\/p>\n","protected":false},"featured_media":2466,"template":"","meta":[],"product_brand":[],"product_cat":[106,36],"product_tag":[],"class_list":{"0":"post-1205","1":"product","2":"type-product","3":"status-publish","4":"has-post-thumbnail","6":"product_cat-lagerprodukt","7":"product_cat-produkter","9":"first","10":"instock","11":"taxable","12":"shipping-taxable","13":"purchasable","14":"product-type-simple"},"_links":{"self":[{"href":"https:\/\/dice.masterdesign.se\/unionen\/wp-json\/wp\/v2\/product\/1205","targetHints":{"allow":["GET"]}}],"collection":[{"href":"https:\/\/dice.masterdesign.se\/unionen\/wp-json\/wp\/v2\/product"}],"about":[{"href":"https:\/\/dice.masterdesign.se\/unionen\/wp-json\/wp\/v2\/types\/product"}],"wp:featuredmedia":[{"embeddable":true,"href":"https:\/\/dice.masterdesign.se\/unionen\/wp-json\/wp\/v2\/media\/2466"}],"wp:attachment":[{"href":"https:\/\/dice.masterdesign.se\/unionen\/wp-json\/wp\/v2\/media?parent=1205"}],"wp:term":[{"taxonomy":"product_brand","embeddable":true,"href":"https:\/\/dice.masterdesign.se\/unionen\/wp-json\/wp\/v2\/product_brand?post=1205"},{"taxonomy":"product_cat","embeddable":true,"href":"https:\/\/dice.masterdesign.se\/unionen\/wp-json\/wp\/v2\/product_cat?post=1205"},{"taxonomy":"product_tag","embeddable":true,"href":"https:\/\/dice.masterdesign.se\/unionen\/wp-json\/wp\/v2\/product_tag?post=1205"}],"curies":[{"name":"wp","href":"https:\/\/api.w.org\/{rel}","templated":true}]}}