{"id":2080,"date":"2024-04-15T16:10:31","date_gmt":"2024-04-15T14:10:31","guid":{"rendered":"https:\/\/dice.masterdesign.se\/unionen\/?post_type=product&#038;p=2080"},"modified":"2026-04-20T05:17:29","modified_gmt":"2026-04-20T03:17:29","slug":"sweatshirt-herr","status":"publish","type":"product","link":"https:\/\/dice.masterdesign.se\/unionen\/produkt\/sweatshirt-herr\/","title":{"rendered":"Sweatshirt herr"},"content":{"rendered":"","protected":false},"excerpt":{"rendered":"<p>Rundhalsad sweatshirt i unisexstorlekar med borstad insida i normal passform. 2\u00d72 ribb runt halskant, mudd i \u00e4rmslut och nederkant. Dekorationss\u00f6mmar i overlock som ligger ton i ton.<\/p>\n<p>80% ekologisk Fairtrade bomull, 20% \u00e5tervunnen polyester, 280 g.<\/p>\n<p>V\u00e4lj bland flera olika m\u00e4rkningsalternativ nedan.<\/p>\n<p style=\"color: #17a624;\">Det h\u00e4r \u00e4r en produkt som produceras efter best\u00e4llning vilket leder till en l\u00e4ngre leveranstid, ca tv\u00e5-tre veckor.<\/p>\n","protected":false},"featured_media":7864,"template":"","meta":[],"product_brand":[],"product_cat":[73,133],"product_tag":[],"class_list":{"0":"post-2080","1":"product","2":"type-product","3":"status-publish","4":"has-post-thumbnail","6":"product_cat-bestallningssortiment","7":"product_cat-langarmat","9":"first","10":"onbackorder","11":"taxable","12":"shipping-taxable","13":"purchasable","14":"product-type-variable","15":"has-default-attributes"},"_links":{"self":[{"href":"https:\/\/dice.masterdesign.se\/unionen\/wp-json\/wp\/v2\/product\/2080","targetHints":{"allow":["GET"]}}],"collection":[{"href":"https:\/\/dice.masterdesign.se\/unionen\/wp-json\/wp\/v2\/product"}],"about":[{"href":"https:\/\/dice.masterdesign.se\/unionen\/wp-json\/wp\/v2\/types\/product"}],"wp:featuredmedia":[{"embeddable":true,"href":"https:\/\/dice.masterdesign.se\/unionen\/wp-json\/wp\/v2\/media\/7864"}],"wp:attachment":[{"href":"https:\/\/dice.masterdesign.se\/unionen\/wp-json\/wp\/v2\/media?parent=2080"}],"wp:term":[{"taxonomy":"product_brand","embeddable":true,"href":"https:\/\/dice.masterdesign.se\/unionen\/wp-json\/wp\/v2\/product_brand?post=2080"},{"taxonomy":"product_cat","embeddable":true,"href":"https:\/\/dice.masterdesign.se\/unionen\/wp-json\/wp\/v2\/product_cat?post=2080"},{"taxonomy":"product_tag","embeddable":true,"href":"https:\/\/dice.masterdesign.se\/unionen\/wp-json\/wp\/v2\/product_tag?post=2080"}],"curies":[{"name":"wp","href":"https:\/\/api.w.org\/{rel}","templated":true}]}}