{"id":2323,"date":"2024-04-15T16:42:55","date_gmt":"2024-04-15T14:42:55","guid":{"rendered":"https:\/\/dice.masterdesign.se\/unionen\/?post_type=product&#038;p=2323"},"modified":"2026-04-20T05:17:29","modified_gmt":"2026-04-20T03:17:29","slug":"t-shirt-herr","status":"publish","type":"product","link":"https:\/\/dice.masterdesign.se\/unionen\/produkt\/t-shirt-herr\/","title":{"rendered":"T-shirt herr"},"content":{"rendered":"","protected":false},"excerpt":{"rendered":"<p>Rundhalsad t-shirt i n\u00e5got smalare passform samt en n\u00e4tt ribb runt halskanten.<\/p>\n<p>100% ekologisk Fairtrade bomull, 160 g.<\/p>\n<p>V\u00e4lj bland flera olika m\u00e4rkningsalternativ nedan.<\/p>\n<p style=\"color: #17a624;\">Det h\u00e4r \u00e4r en produkt som produceras efter best\u00e4llning vilket leder till en l\u00e4ngre leveranstid, ca tv\u00e5-tre veckor.<\/p>\n","protected":false},"featured_media":7836,"template":"","meta":[],"product_brand":[],"product_cat":[73,135],"product_tag":[],"class_list":{"0":"post-2323","1":"product","2":"type-product","3":"status-publish","4":"has-post-thumbnail","6":"product_cat-bestallningssortiment","7":"product_cat-kortarmat","9":"first","10":"onbackorder","11":"taxable","12":"shipping-taxable","13":"purchasable","14":"product-type-variable","15":"has-default-attributes"},"_links":{"self":[{"href":"https:\/\/dice.masterdesign.se\/unionen\/wp-json\/wp\/v2\/product\/2323","targetHints":{"allow":["GET"]}}],"collection":[{"href":"https:\/\/dice.masterdesign.se\/unionen\/wp-json\/wp\/v2\/product"}],"about":[{"href":"https:\/\/dice.masterdesign.se\/unionen\/wp-json\/wp\/v2\/types\/product"}],"wp:featuredmedia":[{"embeddable":true,"href":"https:\/\/dice.masterdesign.se\/unionen\/wp-json\/wp\/v2\/media\/7836"}],"wp:attachment":[{"href":"https:\/\/dice.masterdesign.se\/unionen\/wp-json\/wp\/v2\/media?parent=2323"}],"wp:term":[{"taxonomy":"product_brand","embeddable":true,"href":"https:\/\/dice.masterdesign.se\/unionen\/wp-json\/wp\/v2\/product_brand?post=2323"},{"taxonomy":"product_cat","embeddable":true,"href":"https:\/\/dice.masterdesign.se\/unionen\/wp-json\/wp\/v2\/product_cat?post=2323"},{"taxonomy":"product_tag","embeddable":true,"href":"https:\/\/dice.masterdesign.se\/unionen\/wp-json\/wp\/v2\/product_tag?post=2323"}],"curies":[{"name":"wp","href":"https:\/\/api.w.org\/{rel}","templated":true}]}}