{"id":2365,"date":"2024-04-15T16:51:24","date_gmt":"2024-04-15T14:51:24","guid":{"rendered":"https:\/\/dice.masterdesign.se\/unionen\/?post_type=product&#038;p=2365"},"modified":"2026-04-21T10:18:01","modified_gmt":"2026-04-21T08:18:01","slug":"langarmad-pike-herr","status":"publish","type":"product","link":"https:\/\/dice.masterdesign.se\/unionen\/produkt\/langarmad-pike-herr\/","title":{"rendered":"L\u00e5ng\u00e4rmad pik\u00e9 herr"},"content":{"rendered":"","protected":false},"excerpt":{"rendered":"<p>L\u00e5ng\u00e4rmad pik\u00e9 i klassisk pik\u00e9stickning. Normal passform, stickad ribb i krage. 2 st. knappar i f\u00f6rst\u00e4rkt knappsl\u00e5 och mudd vid \u00e4rmslut.<\/p>\n<p>100% ekologisk Fairtrade bomull, 200 g.<\/p>\n<p>V\u00e4lj bland flera olika m\u00e4rkningsalternativ nedan.<\/p>\n<p style=\"color: #17a624;\">Det h\u00e4r \u00e4r en produkt som produceras efter best\u00e4llning vilket leder till en l\u00e4ngre leveranstid, ca tv\u00e5-tre veckor.<\/p>\n","protected":false},"featured_media":7829,"template":"","meta":[],"product_brand":[],"product_cat":[73,133],"product_tag":[],"class_list":{"0":"post-2365","1":"product","2":"type-product","3":"status-publish","4":"has-post-thumbnail","6":"product_cat-bestallningssortiment","7":"product_cat-langarmat","9":"first","10":"onbackorder","11":"taxable","12":"shipping-taxable","13":"purchasable","14":"product-type-variable","15":"has-default-attributes"},"_links":{"self":[{"href":"https:\/\/dice.masterdesign.se\/unionen\/wp-json\/wp\/v2\/product\/2365","targetHints":{"allow":["GET"]}}],"collection":[{"href":"https:\/\/dice.masterdesign.se\/unionen\/wp-json\/wp\/v2\/product"}],"about":[{"href":"https:\/\/dice.masterdesign.se\/unionen\/wp-json\/wp\/v2\/types\/product"}],"wp:featuredmedia":[{"embeddable":true,"href":"https:\/\/dice.masterdesign.se\/unionen\/wp-json\/wp\/v2\/media\/7829"}],"wp:attachment":[{"href":"https:\/\/dice.masterdesign.se\/unionen\/wp-json\/wp\/v2\/media?parent=2365"}],"wp:term":[{"taxonomy":"product_brand","embeddable":true,"href":"https:\/\/dice.masterdesign.se\/unionen\/wp-json\/wp\/v2\/product_brand?post=2365"},{"taxonomy":"product_cat","embeddable":true,"href":"https:\/\/dice.masterdesign.se\/unionen\/wp-json\/wp\/v2\/product_cat?post=2365"},{"taxonomy":"product_tag","embeddable":true,"href":"https:\/\/dice.masterdesign.se\/unionen\/wp-json\/wp\/v2\/product_tag?post=2365"}],"curies":[{"name":"wp","href":"https:\/\/api.w.org\/{rel}","templated":true}]}}