{"id":3311,"date":"2024-05-30T07:40:24","date_gmt":"2024-05-30T05:40:24","guid":{"rendered":"https:\/\/dice.masterdesign.se\/unionen\/?post_type=product&#038;p=3311"},"modified":"2025-11-26T11:59:53","modified_gmt":"2025-11-26T10:59:53","slug":"roll-up-med-egen-text","status":"publish","type":"product","link":"https:\/\/dice.masterdesign.se\/unionen\/produkt\/roll-up-med-egen-text\/","title":{"rendered":"Roll-up Klubb"},"content":{"rendered":"","protected":false},"excerpt":{"rendered":"<p>Roll-up med ditt klubbnamn i storleken 85&#215;200 cm.<br \/>\nTrycket blir med texten som du anger i f\u00e4ltet. Dubbelkolla g\u00e4rna att det \u00e4r r\u00e4ttstavat, vi skapar ett original utifr\u00e5n det som st\u00e5r d\u00e4r.<br \/>\nLevereras i v\u00e4ska.<\/p>\n<p style=\"color: #17a624;\">Det h\u00e4r \u00e4r en produkt som produceras efter best\u00e4llning vilket leder till en l\u00e4ngre leveranstid, ca en vecka.<\/p>\n","protected":false},"featured_media":3336,"template":"","meta":[],"product_brand":[],"product_cat":[101,147],"product_tag":[],"class_list":{"0":"post-3311","1":"product","2":"type-product","3":"status-publish","4":"has-post-thumbnail","6":"product_cat-display","7":"product_cat-rollups","8":"product_shipping_class-korrektur","10":"first","11":"onbackorder","12":"taxable","13":"shipping-taxable","14":"purchasable","15":"product-type-simple"},"_links":{"self":[{"href":"https:\/\/dice.masterdesign.se\/unionen\/wp-json\/wp\/v2\/product\/3311","targetHints":{"allow":["GET"]}}],"collection":[{"href":"https:\/\/dice.masterdesign.se\/unionen\/wp-json\/wp\/v2\/product"}],"about":[{"href":"https:\/\/dice.masterdesign.se\/unionen\/wp-json\/wp\/v2\/types\/product"}],"wp:featuredmedia":[{"embeddable":true,"href":"https:\/\/dice.masterdesign.se\/unionen\/wp-json\/wp\/v2\/media\/3336"}],"wp:attachment":[{"href":"https:\/\/dice.masterdesign.se\/unionen\/wp-json\/wp\/v2\/media?parent=3311"}],"wp:term":[{"taxonomy":"product_brand","embeddable":true,"href":"https:\/\/dice.masterdesign.se\/unionen\/wp-json\/wp\/v2\/product_brand?post=3311"},{"taxonomy":"product_cat","embeddable":true,"href":"https:\/\/dice.masterdesign.se\/unionen\/wp-json\/wp\/v2\/product_cat?post=3311"},{"taxonomy":"product_tag","embeddable":true,"href":"https:\/\/dice.masterdesign.se\/unionen\/wp-json\/wp\/v2\/product_tag?post=3311"}],"curies":[{"name":"wp","href":"https:\/\/api.w.org\/{rel}","templated":true}]}}