{"id":3997,"date":"2024-09-05T16:13:52","date_gmt":"2024-09-05T14:13:52","guid":{"rendered":"https:\/\/dice.masterdesign.se\/unionen\/?post_type=product&#038;p=3997"},"modified":"2026-04-30T10:07:31","modified_gmt":"2026-04-30T08:07:31","slug":"termoflaska","status":"publish","type":"product","link":"https:\/\/dice.masterdesign.se\/unionen\/produkt\/termoflaska\/","title":{"rendered":"Termosflaska"},"content":{"rendered":"","protected":false},"excerpt":{"rendered":"<div class=\"description-wrapper \">\n<p class=\"description \">Termoflaska med dubbla v\u00e4ggar i rostfritt st\u00e5l (90 % \u00e5tervunnet rostfritt st\u00e5l och 10 % rostfritt st\u00e5l) med lock med handtag. L\u00e4ckages\u00e4ker. Kapacitet: 500 ml.<\/p>\n<p>H\u00e5ller kylan i 12 timmar och v\u00e4rmen i 6 timmar<\/p>\n<\/div>\n<div class=\"outer-price-container\">\n<div class=\"inner-price-container\">\n<div class=\"pdp-price-wrapper\">\n<div class=\"current-price\">\n<div class=\"price-wrapper\"><\/div>\n<\/div>\n<\/div>\n<\/div>\n<\/div>\n","protected":false},"featured_media":4050,"template":"","meta":[],"product_brand":[],"product_cat":[106,108,36],"product_tag":[],"class_list":{"0":"post-3997","1":"product","2":"type-product","3":"status-publish","4":"has-post-thumbnail","6":"product_cat-lagerprodukt","7":"product_cat-lagervaror","8":"product_cat-produkter","10":"first","11":"instock","12":"taxable","13":"shipping-taxable","14":"purchasable","15":"product-type-simple"},"_links":{"self":[{"href":"https:\/\/dice.masterdesign.se\/unionen\/wp-json\/wp\/v2\/product\/3997","targetHints":{"allow":["GET"]}}],"collection":[{"href":"https:\/\/dice.masterdesign.se\/unionen\/wp-json\/wp\/v2\/product"}],"about":[{"href":"https:\/\/dice.masterdesign.se\/unionen\/wp-json\/wp\/v2\/types\/product"}],"wp:featuredmedia":[{"embeddable":true,"href":"https:\/\/dice.masterdesign.se\/unionen\/wp-json\/wp\/v2\/media\/4050"}],"wp:attachment":[{"href":"https:\/\/dice.masterdesign.se\/unionen\/wp-json\/wp\/v2\/media?parent=3997"}],"wp:term":[{"taxonomy":"product_brand","embeddable":true,"href":"https:\/\/dice.masterdesign.se\/unionen\/wp-json\/wp\/v2\/product_brand?post=3997"},{"taxonomy":"product_cat","embeddable":true,"href":"https:\/\/dice.masterdesign.se\/unionen\/wp-json\/wp\/v2\/product_cat?post=3997"},{"taxonomy":"product_tag","embeddable":true,"href":"https:\/\/dice.masterdesign.se\/unionen\/wp-json\/wp\/v2\/product_tag?post=3997"}],"curies":[{"name":"wp","href":"https:\/\/api.w.org\/{rel}","templated":true}]}}