{"id":4698,"date":"2024-10-30T14:30:38","date_gmt":"2024-10-30T13:30:38","guid":{"rendered":"https:\/\/dice.masterdesign.se\/unionen\/?post_type=product&#038;p=4698"},"modified":"2026-04-28T02:01:11","modified_gmt":"2026-04-28T00:01:11","slug":"oxfordskjorta-dam","status":"publish","type":"product","link":"https:\/\/dice.masterdesign.se\/unionen\/produkt\/oxfordskjorta-dam\/","title":{"rendered":"Oxfordskjorta dam"},"content":{"rendered":"","protected":false},"excerpt":{"rendered":"<p>En tolkning av de klassiska Oxford-skjortan och erbjuder en bra balans mellan stil och bekv\u00e4mlighet. Den \u00e4r tillverkad av ett s\u00e4rskilt mjukt och l\u00e4tt tyg som k\u00e4nns sk\u00f6nt mot huden och g\u00f6r att du kan b\u00e4ra skjortan bekv\u00e4mt hela dagen. Med sin klassiska design, inklusive en boxpleat p\u00e5 ryggen f\u00f6r extra komfort och en fransk knappsl\u00e5 framtill, \u00e4r Porto Oxford perfekt f\u00f6r flera tillf\u00e4llen. Oavsett om du beh\u00f6ver en skjorta f\u00f6r aff\u00e4rsm\u00f6ten, middagsbjudningar eller avslappnade helgaktiviteter, kommer den att leverera b\u00e5de stil och mjukhet.<\/p>\n<p style=\"color: #17a624;\">Det h\u00e4r \u00e4r en produkt som produceras efter best\u00e4llning vilket leder till en l\u00e4ngre leveranstid, ca tv\u00e5-tre veckor.<\/p>\n","protected":false},"featured_media":4804,"template":"","meta":[],"product_brand":[],"product_cat":[73,133],"product_tag":[],"class_list":{"0":"post-4698","1":"product","2":"type-product","3":"status-publish","4":"has-post-thumbnail","6":"product_cat-bestallningssortiment","7":"product_cat-langarmat","8":"product_shipping_class-od-manuell","10":"first","11":"onbackorder","12":"taxable","13":"shipping-taxable","14":"purchasable","15":"product-type-variable"},"_links":{"self":[{"href":"https:\/\/dice.masterdesign.se\/unionen\/wp-json\/wp\/v2\/product\/4698","targetHints":{"allow":["GET"]}}],"collection":[{"href":"https:\/\/dice.masterdesign.se\/unionen\/wp-json\/wp\/v2\/product"}],"about":[{"href":"https:\/\/dice.masterdesign.se\/unionen\/wp-json\/wp\/v2\/types\/product"}],"wp:featuredmedia":[{"embeddable":true,"href":"https:\/\/dice.masterdesign.se\/unionen\/wp-json\/wp\/v2\/media\/4804"}],"wp:attachment":[{"href":"https:\/\/dice.masterdesign.se\/unionen\/wp-json\/wp\/v2\/media?parent=4698"}],"wp:term":[{"taxonomy":"product_brand","embeddable":true,"href":"https:\/\/dice.masterdesign.se\/unionen\/wp-json\/wp\/v2\/product_brand?post=4698"},{"taxonomy":"product_cat","embeddable":true,"href":"https:\/\/dice.masterdesign.se\/unionen\/wp-json\/wp\/v2\/product_cat?post=4698"},{"taxonomy":"product_tag","embeddable":true,"href":"https:\/\/dice.masterdesign.se\/unionen\/wp-json\/wp\/v2\/product_tag?post=4698"}],"curies":[{"name":"wp","href":"https:\/\/api.w.org\/{rel}","templated":true}]}}