{"id":4720,"date":"2024-10-30T14:33:39","date_gmt":"2024-10-30T13:33:39","guid":{"rendered":"https:\/\/dice.masterdesign.se\/unionen\/?post_type=product&#038;p=4720"},"modified":"2026-04-28T02:01:11","modified_gmt":"2026-04-28T00:01:11","slug":"skjorta-dam","status":"publish","type":"product","link":"https:\/\/dice.masterdesign.se\/unionen\/produkt\/skjorta-dam\/","title":{"rendered":"Skjorta dam"},"content":{"rendered":"","protected":false},"excerpt":{"rendered":"<p>Enkelheten i en dressad enf\u00e4rgad skjorta \u00e4r sv\u00e5rslagen. V\u00e5r enf\u00e4rgade skjorta har vissa detaljer som g\u00f6r att den \u00e4nd\u00e5 sticker ut fr\u00e5n m\u00e4ngden. Skjortan \u00e4r tillverkad i v\u00e5r h\u00f6gkvalitativa och t\u00e4ta twill. Detta ger en perfekt glans i skjortan, en otroligt bra handk\u00e4nsla och g\u00f6r skjortan mindre genomskinlig \u00e4n liknande dressade skjortor. Tejpade s\u00f6mmar och Non-Iron behandling g\u00f6r skjortan mycket l\u00e4ttsk\u00f6tt.<\/p>\n<p style=\"color: #17a624;\">Det h\u00e4r \u00e4r en produkt som produceras efter best\u00e4llning vilket leder till en l\u00e4ngre leveranstid, ca tv\u00e5-tre veckor.<\/p>\n","protected":false},"featured_media":4802,"template":"","meta":[],"product_brand":[],"product_cat":[73,133],"product_tag":[],"class_list":{"0":"post-4720","1":"product","2":"type-product","3":"status-publish","4":"has-post-thumbnail","6":"product_cat-bestallningssortiment","7":"product_cat-langarmat","8":"product_shipping_class-od-manuell","10":"first","11":"onbackorder","12":"taxable","13":"shipping-taxable","14":"purchasable","15":"product-type-variable"},"_links":{"self":[{"href":"https:\/\/dice.masterdesign.se\/unionen\/wp-json\/wp\/v2\/product\/4720","targetHints":{"allow":["GET"]}}],"collection":[{"href":"https:\/\/dice.masterdesign.se\/unionen\/wp-json\/wp\/v2\/product"}],"about":[{"href":"https:\/\/dice.masterdesign.se\/unionen\/wp-json\/wp\/v2\/types\/product"}],"wp:featuredmedia":[{"embeddable":true,"href":"https:\/\/dice.masterdesign.se\/unionen\/wp-json\/wp\/v2\/media\/4802"}],"wp:attachment":[{"href":"https:\/\/dice.masterdesign.se\/unionen\/wp-json\/wp\/v2\/media?parent=4720"}],"wp:term":[{"taxonomy":"product_brand","embeddable":true,"href":"https:\/\/dice.masterdesign.se\/unionen\/wp-json\/wp\/v2\/product_brand?post=4720"},{"taxonomy":"product_cat","embeddable":true,"href":"https:\/\/dice.masterdesign.se\/unionen\/wp-json\/wp\/v2\/product_cat?post=4720"},{"taxonomy":"product_tag","embeddable":true,"href":"https:\/\/dice.masterdesign.se\/unionen\/wp-json\/wp\/v2\/product_tag?post=4720"}],"curies":[{"name":"wp","href":"https:\/\/api.w.org\/{rel}","templated":true}]}}