{"id":4748,"date":"2024-10-30T14:37:53","date_gmt":"2024-10-30T13:37:53","guid":{"rendered":"https:\/\/dice.masterdesign.se\/unionen\/?post_type=product&#038;p=4748"},"modified":"2026-04-28T02:01:10","modified_gmt":"2026-04-28T00:01:10","slug":"skjorta-herr","status":"publish","type":"product","link":"https:\/\/dice.masterdesign.se\/unionen\/produkt\/skjorta-herr\/","title":{"rendered":"Skjorta herr"},"content":{"rendered":"","protected":false},"excerpt":{"rendered":"<p>Enkelheten i en dressad enf\u00e4rgad skjorta \u00e4r sv\u00e5rslagen. V\u00e5r enf\u00e4rgade skjorta har vissa detaljer som g\u00f6r att den \u00e4nd\u00e5 sticker ut fr\u00e5n m\u00e4ngden.<br \/>\nSkjortan \u00e4r tillverkad i v\u00e5r h\u00f6gkvalitativa och t\u00e4ta twill. Detta ger en perfekt glans i skjortan, en otroligt bra handk\u00e4nsla och g\u00f6r skjortan mindre genomskinlig \u00e4n liknande dressade skjortor. Split yoke i rygg, medium cut-away krage och en 35 mm bred knappsl\u00e5 s\u00e4tter standarden f\u00f6r denna stiliga, men klassisk skjorta. Tejpade s\u00f6mmar och Non-Iron behandling g\u00f6r skjortan mycket l\u00e4ttsk\u00f6tt.<\/p>\n<p style=\"color: #17a624;\">Det h\u00e4r \u00e4r en produkt som produceras efter best\u00e4llning vilket leder till en l\u00e4ngre leveranstid, ca tv\u00e5-tre veckor.<\/p>\n","protected":false},"featured_media":4813,"template":"","meta":[],"product_brand":[],"product_cat":[73,133],"product_tag":[],"class_list":{"0":"post-4748","1":"product","2":"type-product","3":"status-publish","4":"has-post-thumbnail","6":"product_cat-bestallningssortiment","7":"product_cat-langarmat","8":"product_shipping_class-od-manuell","10":"first","11":"onbackorder","12":"taxable","13":"shipping-taxable","14":"purchasable","15":"product-type-variable"},"_links":{"self":[{"href":"https:\/\/dice.masterdesign.se\/unionen\/wp-json\/wp\/v2\/product\/4748","targetHints":{"allow":["GET"]}}],"collection":[{"href":"https:\/\/dice.masterdesign.se\/unionen\/wp-json\/wp\/v2\/product"}],"about":[{"href":"https:\/\/dice.masterdesign.se\/unionen\/wp-json\/wp\/v2\/types\/product"}],"wp:featuredmedia":[{"embeddable":true,"href":"https:\/\/dice.masterdesign.se\/unionen\/wp-json\/wp\/v2\/media\/4813"}],"wp:attachment":[{"href":"https:\/\/dice.masterdesign.se\/unionen\/wp-json\/wp\/v2\/media?parent=4748"}],"wp:term":[{"taxonomy":"product_brand","embeddable":true,"href":"https:\/\/dice.masterdesign.se\/unionen\/wp-json\/wp\/v2\/product_brand?post=4748"},{"taxonomy":"product_cat","embeddable":true,"href":"https:\/\/dice.masterdesign.se\/unionen\/wp-json\/wp\/v2\/product_cat?post=4748"},{"taxonomy":"product_tag","embeddable":true,"href":"https:\/\/dice.masterdesign.se\/unionen\/wp-json\/wp\/v2\/product_tag?post=4748"}],"curies":[{"name":"wp","href":"https:\/\/api.w.org\/{rel}","templated":true}]}}