{"id":6614,"date":"2025-02-28T11:30:42","date_gmt":"2025-02-28T10:30:42","guid":{"rendered":"https:\/\/dice.masterdesign.se\/unionen\/?post_type=product&#038;p=6614"},"modified":"2026-05-01T09:22:45","modified_gmt":"2026-05-01T07:22:45","slug":"handrengoringsgel","status":"publish","type":"product","link":"https:\/\/dice.masterdesign.se\/unionen\/produkt\/handrengoringsgel\/","title":{"rendered":"Handreng\u00f6ringsgel"},"content":{"rendered":"","protected":false},"excerpt":{"rendered":"<p>Handreng\u00f6ringsgel med antibakteriell effekt, reng\u00f6r h\u00e4nderna utan vatten, inneh\u00e5ller 75% alkohol. Volym 30 ml.<\/p>\n","protected":false},"featured_media":6683,"template":"","meta":[],"product_brand":[],"product_cat":[106,36],"product_tag":[],"class_list":{"0":"post-6614","1":"product","2":"type-product","3":"status-publish","4":"has-post-thumbnail","6":"product_cat-lagerprodukt","7":"product_cat-produkter","9":"first","10":"instock","11":"taxable","12":"shipping-taxable","13":"purchasable","14":"product-type-simple"},"_links":{"self":[{"href":"https:\/\/dice.masterdesign.se\/unionen\/wp-json\/wp\/v2\/product\/6614","targetHints":{"allow":["GET"]}}],"collection":[{"href":"https:\/\/dice.masterdesign.se\/unionen\/wp-json\/wp\/v2\/product"}],"about":[{"href":"https:\/\/dice.masterdesign.se\/unionen\/wp-json\/wp\/v2\/types\/product"}],"wp:featuredmedia":[{"embeddable":true,"href":"https:\/\/dice.masterdesign.se\/unionen\/wp-json\/wp\/v2\/media\/6683"}],"wp:attachment":[{"href":"https:\/\/dice.masterdesign.se\/unionen\/wp-json\/wp\/v2\/media?parent=6614"}],"wp:term":[{"taxonomy":"product_brand","embeddable":true,"href":"https:\/\/dice.masterdesign.se\/unionen\/wp-json\/wp\/v2\/product_brand?post=6614"},{"taxonomy":"product_cat","embeddable":true,"href":"https:\/\/dice.masterdesign.se\/unionen\/wp-json\/wp\/v2\/product_cat?post=6614"},{"taxonomy":"product_tag","embeddable":true,"href":"https:\/\/dice.masterdesign.se\/unionen\/wp-json\/wp\/v2\/product_tag?post=6614"}],"curies":[{"name":"wp","href":"https:\/\/api.w.org\/{rel}","templated":true}]}}