{"id":7068,"date":"2025-04-03T14:18:11","date_gmt":"2025-04-03T12:18:11","guid":{"rendered":"https:\/\/dice.masterdesign.se\/unionen\/?post_type=product&#038;p=7068"},"modified":"2026-05-01T09:22:42","modified_gmt":"2026-05-01T07:22:42","slug":"talt-inkl-takduk-pride","status":"publish","type":"product","link":"https:\/\/dice.masterdesign.se\/unionen\/produkt\/talt-inkl-takduk-pride\/","title":{"rendered":"T\u00e4lt inkl. takduk, Pride"},"content":{"rendered":"","protected":false},"excerpt":{"rendered":"<p>Stadigt och l\u00e4ttmonterat t\u00e4lt med stomme i hexagon profiler av aluminium.<br \/>\nLevereras komplett med b\u00e4rv\u00e4ska.<br \/>\nM\u00e5tt: 3\u00d73 meter.<br \/>\nVikt stomme: 17 kg<\/p>\n<p style=\"color: #17a624;\"><a href=\"https:\/\/dice.masterdesign.se\/unionen\/wp-content\/uploads\/sites\/254\/2025\/04\/Produktblad_Event-Tent-1.pdf\">Produktblad<\/a><\/p>\n<p style=\"color: #17a624;\">Det h\u00e4r \u00e4r en produkt som produceras efter best\u00e4llning vilket leder till en l\u00e4ngre leveranstid, ca tre veckor.<\/p>\n","protected":false},"featured_media":6983,"template":"","meta":[],"product_brand":[],"product_cat":[101,152,143,46],"product_tag":[],"class_list":{"0":"post-7068","1":"product","2":"type-product","3":"status-publish","4":"has-post-thumbnail","6":"product_cat-display","7":"product_cat-eventtallt","8":"product_cat-eventtalltpride","9":"product_cat-pride","10":"product_shipping_class-od-manuell","12":"first","13":"instock","14":"taxable","15":"shipping-taxable","16":"purchasable","17":"product-type-simple"},"_links":{"self":[{"href":"https:\/\/dice.masterdesign.se\/unionen\/wp-json\/wp\/v2\/product\/7068","targetHints":{"allow":["GET"]}}],"collection":[{"href":"https:\/\/dice.masterdesign.se\/unionen\/wp-json\/wp\/v2\/product"}],"about":[{"href":"https:\/\/dice.masterdesign.se\/unionen\/wp-json\/wp\/v2\/types\/product"}],"wp:featuredmedia":[{"embeddable":true,"href":"https:\/\/dice.masterdesign.se\/unionen\/wp-json\/wp\/v2\/media\/6983"}],"wp:attachment":[{"href":"https:\/\/dice.masterdesign.se\/unionen\/wp-json\/wp\/v2\/media?parent=7068"}],"wp:term":[{"taxonomy":"product_brand","embeddable":true,"href":"https:\/\/dice.masterdesign.se\/unionen\/wp-json\/wp\/v2\/product_brand?post=7068"},{"taxonomy":"product_cat","embeddable":true,"href":"https:\/\/dice.masterdesign.se\/unionen\/wp-json\/wp\/v2\/product_cat?post=7068"},{"taxonomy":"product_tag","embeddable":true,"href":"https:\/\/dice.masterdesign.se\/unionen\/wp-json\/wp\/v2\/product_tag?post=7068"}],"curies":[{"name":"wp","href":"https:\/\/api.w.org\/{rel}","templated":true}]}}