{"id":7075,"date":"2025-04-03T14:23:02","date_gmt":"2025-04-03T12:23:02","guid":{"rendered":"https:\/\/dice.masterdesign.se\/unionen\/?post_type=product&#038;p=7075"},"modified":"2026-05-01T09:22:42","modified_gmt":"2026-05-01T07:22:42","slug":"takduk-till-talt-pride","status":"publish","type":"product","link":"https:\/\/dice.masterdesign.se\/unionen\/produkt\/takduk-till-talt-pride\/","title":{"rendered":"Takduk till t\u00e4lt, Pride"},"content":{"rendered":"","protected":false},"excerpt":{"rendered":"<p>Takduk till t\u00e4lt (st\u00e4llning ing\u00e5r ej).<br \/>\nM\u00e5tt: 3\u00d73 meter.<\/p>\n<p><a href=\"https:\/\/dice.masterdesign.se\/unionen\/wp-content\/uploads\/sites\/254\/2025\/04\/Produktblad_Event-Tent-1.pdf\" target=\"_blank\" rel=\"noopener\">Produktblad med information<\/a><\/p>\n<p style=\"color: #17a624;\">Det h\u00e4r \u00e4r en produkt som produceras efter best\u00e4llning vilket leder till en l\u00e4ngre leveranstid, ca tre veckor.<\/p>\n<p>&nbsp;<\/p>\n","protected":false},"featured_media":7172,"template":"","meta":[],"product_brand":[],"product_cat":[101,152,143,46],"product_tag":[],"class_list":{"0":"post-7075","1":"product","2":"type-product","3":"status-publish","4":"has-post-thumbnail","6":"product_cat-display","7":"product_cat-eventtallt","8":"product_cat-eventtalltpride","9":"product_cat-pride","10":"product_shipping_class-od-manuell","12":"first","13":"instock","14":"taxable","15":"shipping-taxable","16":"purchasable","17":"product-type-simple"},"_links":{"self":[{"href":"https:\/\/dice.masterdesign.se\/unionen\/wp-json\/wp\/v2\/product\/7075","targetHints":{"allow":["GET"]}}],"collection":[{"href":"https:\/\/dice.masterdesign.se\/unionen\/wp-json\/wp\/v2\/product"}],"about":[{"href":"https:\/\/dice.masterdesign.se\/unionen\/wp-json\/wp\/v2\/types\/product"}],"wp:featuredmedia":[{"embeddable":true,"href":"https:\/\/dice.masterdesign.se\/unionen\/wp-json\/wp\/v2\/media\/7172"}],"wp:attachment":[{"href":"https:\/\/dice.masterdesign.se\/unionen\/wp-json\/wp\/v2\/media?parent=7075"}],"wp:term":[{"taxonomy":"product_brand","embeddable":true,"href":"https:\/\/dice.masterdesign.se\/unionen\/wp-json\/wp\/v2\/product_brand?post=7075"},{"taxonomy":"product_cat","embeddable":true,"href":"https:\/\/dice.masterdesign.se\/unionen\/wp-json\/wp\/v2\/product_cat?post=7075"},{"taxonomy":"product_tag","embeddable":true,"href":"https:\/\/dice.masterdesign.se\/unionen\/wp-json\/wp\/v2\/product_tag?post=7075"}],"curies":[{"name":"wp","href":"https:\/\/api.w.org\/{rel}","templated":true}]}}