{"id":7082,"date":"2025-04-03T14:28:49","date_gmt":"2025-04-03T12:28:49","guid":{"rendered":"https:\/\/dice.masterdesign.se\/unionen\/?post_type=product&#038;p=7082"},"modified":"2026-05-01T09:22:42","modified_gmt":"2026-05-01T07:22:42","slug":"massbord-pro-unionen-komplett-paket","status":"publish","type":"product","link":"https:\/\/dice.masterdesign.se\/unionen\/produkt\/massbord-pro-unionen-komplett-paket\/","title":{"rendered":"M\u00e4ssbord XL, Unionen, Komplett paket"},"content":{"rendered":"","protected":false},"excerpt":{"rendered":"<p>Rymlig rullv\u00e4ska i plast som konverteras till en anv\u00e4ndbar och snygg m\u00e4ssdisk. V\u00e4skan \u00f6ppnas, st\u00e4lls p\u00e5 h\u00f6gkant och l\u00e5ses med toppskivan till en stabil konstruktion. Inuti finns fyra hyllplan.<br \/>\nPraktisk f\u00f6rvaring d\u00e4r du packar ner allt du beh\u00f6ver till m\u00e4ssan, till exempel rolluper.<br \/>\nVikt: 25 kg<br \/>\nM\u00e5tt: Hopf\u00e4lld: 40x65x96 cm, Uppf\u00e4lld: 124x60x98 cm<\/p>\n<p style=\"color: #17a624;\"><a href=\"https:\/\/dice.masterdesign.se\/unionen\/wp-content\/uploads\/sites\/254\/2025\/04\/Produktblad_Counter-Case-XL-1.pdf\" target=\"_blank\" rel=\"noopener\">Produktblad<\/a><\/p>\n<p style=\"color: #17a624;\">Det h\u00e4r \u00e4r en produkt som produceras efter best\u00e4llning vilket leder till en l\u00e4ngre leveranstid, ca en vecka.<\/p>\n","protected":false},"featured_media":7377,"template":"","meta":[],"product_brand":[],"product_cat":[101,154,145],"product_tag":[],"class_list":{"0":"post-7082","1":"product","2":"type-product","3":"status-publish","4":"has-post-thumbnail","6":"product_cat-display","7":"product_cat-massdisk","8":"product_cat-massdiskpride","9":"product_shipping_class-od-manuell","11":"first","12":"instock","13":"taxable","14":"shipping-taxable","15":"purchasable","16":"product-type-simple"},"_links":{"self":[{"href":"https:\/\/dice.masterdesign.se\/unionen\/wp-json\/wp\/v2\/product\/7082","targetHints":{"allow":["GET"]}}],"collection":[{"href":"https:\/\/dice.masterdesign.se\/unionen\/wp-json\/wp\/v2\/product"}],"about":[{"href":"https:\/\/dice.masterdesign.se\/unionen\/wp-json\/wp\/v2\/types\/product"}],"wp:featuredmedia":[{"embeddable":true,"href":"https:\/\/dice.masterdesign.se\/unionen\/wp-json\/wp\/v2\/media\/7377"}],"wp:attachment":[{"href":"https:\/\/dice.masterdesign.se\/unionen\/wp-json\/wp\/v2\/media?parent=7082"}],"wp:term":[{"taxonomy":"product_brand","embeddable":true,"href":"https:\/\/dice.masterdesign.se\/unionen\/wp-json\/wp\/v2\/product_brand?post=7082"},{"taxonomy":"product_cat","embeddable":true,"href":"https:\/\/dice.masterdesign.se\/unionen\/wp-json\/wp\/v2\/product_cat?post=7082"},{"taxonomy":"product_tag","embeddable":true,"href":"https:\/\/dice.masterdesign.se\/unionen\/wp-json\/wp\/v2\/product_tag?post=7082"}],"curies":[{"name":"wp","href":"https:\/\/api.w.org\/{rel}","templated":true}]}}