{"id":7087,"date":"2025-04-03T14:33:06","date_gmt":"2025-04-03T12:33:06","guid":{"rendered":"https:\/\/dice.masterdesign.se\/unionen\/?post_type=product&#038;p=7087"},"modified":"2026-05-01T09:22:41","modified_gmt":"2026-05-01T07:22:41","slug":"massbord-tunnan-unionen-komplett-paket","status":"publish","type":"product","link":"https:\/\/dice.masterdesign.se\/unionen\/produkt\/massbord-tunnan-unionen-komplett-paket\/","title":{"rendered":"M\u00e4ssbord Medium, Unionen, komplett paket"},"content":{"rendered":"","protected":false},"excerpt":{"rendered":"<p>En f\u00f6rvaringsl\u00f6sning och transportbox p\u00e5 hjul som blir till ett anv\u00e4ndbart podium sekunden du s\u00e4tter p\u00e5 bildv\u00e5den! Praktisk f\u00f6rvaring d\u00e4r du packar ner allt du beh\u00f6ver till m\u00e4ssan, till exempel rolluper.<br \/>\nLevereras i en vadderad nylonv\u00e4ska.<br \/>\nVikt 8 kg<br \/>\nBredd 48 cm<br \/>\nDjup 43 cm<br \/>\nH\u00f6jd 95 cm<\/p>\n<p style=\"color: #17a624;\"><a href=\"https:\/\/dice.masterdesign.se\/unionen\/wp-content\/uploads\/sites\/254\/2025\/04\/Produktblad_Podium-Box-Medium-1.pdf\" target=\"_blank\" rel=\"noopener\">Produktblad<\/a><\/p>\n<p style=\"color: #17a624;\">Det h\u00e4r \u00e4r en produkt som produceras efter best\u00e4llning vilket leder till en l\u00e4ngre leveranstid, ca en vecka.<\/p>\n","protected":false},"featured_media":7359,"template":"","meta":[],"product_brand":[],"product_cat":[101,154,145],"product_tag":[],"class_list":{"0":"post-7087","1":"product","2":"type-product","3":"status-publish","4":"has-post-thumbnail","6":"product_cat-display","7":"product_cat-massdisk","8":"product_cat-massdiskpride","9":"product_shipping_class-od-manuell","11":"first","12":"instock","13":"taxable","14":"shipping-taxable","15":"purchasable","16":"product-type-simple"},"_links":{"self":[{"href":"https:\/\/dice.masterdesign.se\/unionen\/wp-json\/wp\/v2\/product\/7087","targetHints":{"allow":["GET"]}}],"collection":[{"href":"https:\/\/dice.masterdesign.se\/unionen\/wp-json\/wp\/v2\/product"}],"about":[{"href":"https:\/\/dice.masterdesign.se\/unionen\/wp-json\/wp\/v2\/types\/product"}],"wp:featuredmedia":[{"embeddable":true,"href":"https:\/\/dice.masterdesign.se\/unionen\/wp-json\/wp\/v2\/media\/7359"}],"wp:attachment":[{"href":"https:\/\/dice.masterdesign.se\/unionen\/wp-json\/wp\/v2\/media?parent=7087"}],"wp:term":[{"taxonomy":"product_brand","embeddable":true,"href":"https:\/\/dice.masterdesign.se\/unionen\/wp-json\/wp\/v2\/product_brand?post=7087"},{"taxonomy":"product_cat","embeddable":true,"href":"https:\/\/dice.masterdesign.se\/unionen\/wp-json\/wp\/v2\/product_cat?post=7087"},{"taxonomy":"product_tag","embeddable":true,"href":"https:\/\/dice.masterdesign.se\/unionen\/wp-json\/wp\/v2\/product_tag?post=7087"}],"curies":[{"name":"wp","href":"https:\/\/api.w.org\/{rel}","templated":true}]}}