{"id":7407,"date":"2025-04-22T08:30:29","date_gmt":"2025-04-22T06:30:29","guid":{"rendered":"https:\/\/dice.masterdesign.se\/unionen\/?post_type=product&#038;p=7407"},"modified":"2026-05-01T09:22:33","modified_gmt":"2026-05-01T07:22:33","slug":"mintrcrisp-mork-choklad-100-pack","status":"publish","type":"product","link":"https:\/\/dice.masterdesign.se\/unionen\/produkt\/mintrcrisp-mork-choklad-100-pack\/","title":{"rendered":"Mintcrisp m\u00f6rk choklad (100-pack)"},"content":{"rendered":"<p>Socker, kakaomassa, glukossirap, kakaosm\u00f6r, invertsockersirap, emulgeringsmedel: *sojalecitin, pepparmyntsolja, j\u00e4sningsmedel: natriumkarbonat. M\u00f6rk Choklad inneh\u00e5ller: kakaotorrsubstans minst 55%. Kan inneh\u00e5lla *mj\u00f6lk och *n\u00f6tter.<\/p>\n","protected":false},"excerpt":{"rendered":"<p>Mintcrisp fr\u00e5n det legendariska m\u00e4rket Elizabeth Shaw, som sedan 1810 f\u00f6rgyllt vardagen med godsaker. Med sin smak av mint, choklad och honungsvaxkaka ger den en unik, lyxig smak.<\/p>\n<p>BF datum 02-2027<\/p>\n","protected":false},"featured_media":7439,"template":"","meta":[],"product_brand":[],"product_cat":[97],"product_tag":[],"class_list":{"0":"post-7407","1":"product","2":"type-product","3":"status-publish","4":"has-post-thumbnail","6":"product_cat-atbart","8":"first","9":"instock","10":"taxable","11":"shipping-taxable","12":"purchasable","13":"product-type-simple"},"_links":{"self":[{"href":"https:\/\/dice.masterdesign.se\/unionen\/wp-json\/wp\/v2\/product\/7407","targetHints":{"allow":["GET"]}}],"collection":[{"href":"https:\/\/dice.masterdesign.se\/unionen\/wp-json\/wp\/v2\/product"}],"about":[{"href":"https:\/\/dice.masterdesign.se\/unionen\/wp-json\/wp\/v2\/types\/product"}],"wp:featuredmedia":[{"embeddable":true,"href":"https:\/\/dice.masterdesign.se\/unionen\/wp-json\/wp\/v2\/media\/7439"}],"wp:attachment":[{"href":"https:\/\/dice.masterdesign.se\/unionen\/wp-json\/wp\/v2\/media?parent=7407"}],"wp:term":[{"taxonomy":"product_brand","embeddable":true,"href":"https:\/\/dice.masterdesign.se\/unionen\/wp-json\/wp\/v2\/product_brand?post=7407"},{"taxonomy":"product_cat","embeddable":true,"href":"https:\/\/dice.masterdesign.se\/unionen\/wp-json\/wp\/v2\/product_cat?post=7407"},{"taxonomy":"product_tag","embeddable":true,"href":"https:\/\/dice.masterdesign.se\/unionen\/wp-json\/wp\/v2\/product_tag?post=7407"}],"curies":[{"name":"wp","href":"https:\/\/api.w.org\/{rel}","templated":true}]}}