{"id":7424,"date":"2025-04-23T08:22:27","date_gmt":"2025-04-23T06:22:27","guid":{"rendered":"https:\/\/dice.masterdesign.se\/unionen\/?post_type=product&#038;p=7424"},"modified":"2026-05-01T09:22:32","modified_gmt":"2026-05-01T07:22:32","slug":"prideknappar-20-pack-regionskontor","status":"publish","type":"product","link":"https:\/\/dice.masterdesign.se\/unionen\/produkt\/prideknappar-20-pack-regionskontor\/","title":{"rendered":"Pride-knappar HBTQ (20-pack)"},"content":{"rendered":"","protected":false},"excerpt":{"rendered":"<p>Knappar med anpassade budskap och m\u00f6nster f\u00f6r Homo, Bi, Trans och Queer. 4&#215;5 knappar per p\u00e5se.<\/p>\n","protected":false},"featured_media":7589,"template":"","meta":[],"product_brand":[],"product_cat":[106,46,139],"product_tag":[],"class_list":{"0":"post-7424","1":"product","2":"type-product","3":"status-publish","4":"has-post-thumbnail","6":"product_cat-lagerprodukt","7":"product_cat-pride","8":"product_cat-profilartiklarpride","10":"first","11":"instock","12":"taxable","13":"shipping-taxable","14":"purchasable","15":"product-type-simple"},"_links":{"self":[{"href":"https:\/\/dice.masterdesign.se\/unionen\/wp-json\/wp\/v2\/product\/7424","targetHints":{"allow":["GET"]}}],"collection":[{"href":"https:\/\/dice.masterdesign.se\/unionen\/wp-json\/wp\/v2\/product"}],"about":[{"href":"https:\/\/dice.masterdesign.se\/unionen\/wp-json\/wp\/v2\/types\/product"}],"wp:featuredmedia":[{"embeddable":true,"href":"https:\/\/dice.masterdesign.se\/unionen\/wp-json\/wp\/v2\/media\/7589"}],"wp:attachment":[{"href":"https:\/\/dice.masterdesign.se\/unionen\/wp-json\/wp\/v2\/media?parent=7424"}],"wp:term":[{"taxonomy":"product_brand","embeddable":true,"href":"https:\/\/dice.masterdesign.se\/unionen\/wp-json\/wp\/v2\/product_brand?post=7424"},{"taxonomy":"product_cat","embeddable":true,"href":"https:\/\/dice.masterdesign.se\/unionen\/wp-json\/wp\/v2\/product_cat?post=7424"},{"taxonomy":"product_tag","embeddable":true,"href":"https:\/\/dice.masterdesign.se\/unionen\/wp-json\/wp\/v2\/product_tag?post=7424"}],"curies":[{"name":"wp","href":"https:\/\/api.w.org\/{rel}","templated":true}]}}