{"id":7614,"date":"2025-04-30T11:40:24","date_gmt":"2025-04-30T09:40:24","guid":{"rendered":"https:\/\/dice.masterdesign.se\/unionen\/?post_type=product&#038;p=7614"},"modified":"2026-05-01T09:22:31","modified_gmt":"2026-05-01T07:22:31","slug":"penna-todox-touch-10-pack","status":"publish","type":"product","link":"https:\/\/dice.masterdesign.se\/unionen\/produkt\/penna-todox-touch-10-pack\/","title":{"rendered":"Penna Todox Touch (10-pack)"},"content":{"rendered":"","protected":false},"excerpt":{"rendered":"<p>Kulspets- och peksk\u00e4rmspenna i aluminium, med f\u00e4rgad kropp och pekpenna i matchande f\u00e4rg<\/p>\n<p>Den h\u00e4r produkten \u00e4r \u201dUtvald\u201d av Unionen f\u00f6r dig som fackligt ombud. Det inneb\u00e4r att priset \u00e4r subventionerat med halva kostnaden f\u00f6r att synligg\u00f6ra Unionen p\u00e5 er arbetsplats.<\/p>\n","protected":false},"featured_media":7620,"template":"","meta":[],"product_brand":[],"product_cat":[106,36,183],"product_tag":[],"class_list":{"0":"post-7614","1":"product","2":"type-product","3":"status-publish","4":"has-post-thumbnail","6":"product_cat-lagerprodukt","7":"product_cat-produkter","8":"product_cat-utvald","10":"first","11":"instock","12":"taxable","13":"shipping-taxable","14":"purchasable","15":"product-type-simple"},"_links":{"self":[{"href":"https:\/\/dice.masterdesign.se\/unionen\/wp-json\/wp\/v2\/product\/7614","targetHints":{"allow":["GET"]}}],"collection":[{"href":"https:\/\/dice.masterdesign.se\/unionen\/wp-json\/wp\/v2\/product"}],"about":[{"href":"https:\/\/dice.masterdesign.se\/unionen\/wp-json\/wp\/v2\/types\/product"}],"wp:featuredmedia":[{"embeddable":true,"href":"https:\/\/dice.masterdesign.se\/unionen\/wp-json\/wp\/v2\/media\/7620"}],"wp:attachment":[{"href":"https:\/\/dice.masterdesign.se\/unionen\/wp-json\/wp\/v2\/media?parent=7614"}],"wp:term":[{"taxonomy":"product_brand","embeddable":true,"href":"https:\/\/dice.masterdesign.se\/unionen\/wp-json\/wp\/v2\/product_brand?post=7614"},{"taxonomy":"product_cat","embeddable":true,"href":"https:\/\/dice.masterdesign.se\/unionen\/wp-json\/wp\/v2\/product_cat?post=7614"},{"taxonomy":"product_tag","embeddable":true,"href":"https:\/\/dice.masterdesign.se\/unionen\/wp-json\/wp\/v2\/product_tag?post=7614"}],"curies":[{"name":"wp","href":"https:\/\/api.w.org\/{rel}","templated":true}]}}