{"id":7709,"date":"2025-05-16T10:41:04","date_gmt":"2025-05-16T08:41:04","guid":{"rendered":"https:\/\/dice.masterdesign.se\/unionen\/?post_type=product&#038;p=7709"},"modified":"2026-05-01T09:22:31","modified_gmt":"2026-05-01T07:22:31","slug":"yatzy-2","status":"publish","type":"product","link":"https:\/\/dice.masterdesign.se\/unionen\/produkt\/yatzy-2\/","title":{"rendered":"Yatzy"},"content":{"rendered":"","protected":false},"excerpt":{"rendered":"<p>Den h\u00e4r produkten \u00e4r \u201dUtvald\u201d av Unionen f\u00f6r dig som fackligt ombud. Det inneb\u00e4r att priset \u00e4r subventionerat med halva kostnaden f\u00f6r att synligg\u00f6ra Unionen p\u00e5 er arbetsplats.<\/p>\n","protected":false},"featured_media":7887,"template":"","meta":[],"product_brand":[],"product_cat":[36,183],"product_tag":[],"class_list":{"0":"post-7709","1":"product","2":"type-product","3":"status-publish","4":"has-post-thumbnail","6":"product_cat-produkter","7":"product_cat-utvald","9":"first","10":"instock","11":"taxable","12":"shipping-taxable","13":"purchasable","14":"product-type-simple"},"_links":{"self":[{"href":"https:\/\/dice.masterdesign.se\/unionen\/wp-json\/wp\/v2\/product\/7709","targetHints":{"allow":["GET"]}}],"collection":[{"href":"https:\/\/dice.masterdesign.se\/unionen\/wp-json\/wp\/v2\/product"}],"about":[{"href":"https:\/\/dice.masterdesign.se\/unionen\/wp-json\/wp\/v2\/types\/product"}],"wp:featuredmedia":[{"embeddable":true,"href":"https:\/\/dice.masterdesign.se\/unionen\/wp-json\/wp\/v2\/media\/7887"}],"wp:attachment":[{"href":"https:\/\/dice.masterdesign.se\/unionen\/wp-json\/wp\/v2\/media?parent=7709"}],"wp:term":[{"taxonomy":"product_brand","embeddable":true,"href":"https:\/\/dice.masterdesign.se\/unionen\/wp-json\/wp\/v2\/product_brand?post=7709"},{"taxonomy":"product_cat","embeddable":true,"href":"https:\/\/dice.masterdesign.se\/unionen\/wp-json\/wp\/v2\/product_cat?post=7709"},{"taxonomy":"product_tag","embeddable":true,"href":"https:\/\/dice.masterdesign.se\/unionen\/wp-json\/wp\/v2\/product_tag?post=7709"}],"curies":[{"name":"wp","href":"https:\/\/api.w.org\/{rel}","templated":true}]}}