{"id":8003,"date":"2025-07-01T07:57:31","date_gmt":"2025-07-01T05:57:31","guid":{"rendered":"https:\/\/dice.masterdesign.se\/unionen\/?post_type=product&#038;p=8003"},"modified":"2026-01-16T08:58:12","modified_gmt":"2026-01-16T07:58:12","slug":"stickad-troja-u-hals-dam","status":"publish","type":"product","link":"https:\/\/dice.masterdesign.se\/unionen\/produkt\/stickad-troja-u-hals-dam\/","title":{"rendered":"Stickad tr\u00f6ja U-hals Dam"},"content":{"rendered":"","protected":false},"excerpt":{"rendered":"<p>Rundhalsad, finstickad tr\u00f6ja. 1 x 1 rib i nederkant och \u00e4rmavslut. Dubbelvikt sl\u00e4tstickad kant i ringningen.<br \/>\nSvart med gr\u00f6nt tryck p\u00e5 br\u00f6stet eller gr\u00e5 med vitt tryck.<\/p>\n<p style=\"color: #17a624;\">Det h\u00e4r \u00e4r en produkt som produceras efter best\u00e4llning vilket leder till en l\u00e4ngre leveranstid, ca tv\u00e5-tre veckor.<\/p>\n","protected":false},"featured_media":7982,"template":"","meta":[],"product_brand":[],"product_cat":[73,133],"product_tag":[],"class_list":{"0":"post-8003","1":"product","2":"type-product","3":"status-publish","4":"has-post-thumbnail","6":"product_cat-bestallningssortiment","7":"product_cat-langarmat","9":"first","10":"instock","11":"taxable","12":"shipping-taxable","13":"purchasable","14":"product-type-variable"},"_links":{"self":[{"href":"https:\/\/dice.masterdesign.se\/unionen\/wp-json\/wp\/v2\/product\/8003","targetHints":{"allow":["GET"]}}],"collection":[{"href":"https:\/\/dice.masterdesign.se\/unionen\/wp-json\/wp\/v2\/product"}],"about":[{"href":"https:\/\/dice.masterdesign.se\/unionen\/wp-json\/wp\/v2\/types\/product"}],"wp:featuredmedia":[{"embeddable":true,"href":"https:\/\/dice.masterdesign.se\/unionen\/wp-json\/wp\/v2\/media\/7982"}],"wp:attachment":[{"href":"https:\/\/dice.masterdesign.se\/unionen\/wp-json\/wp\/v2\/media?parent=8003"}],"wp:term":[{"taxonomy":"product_brand","embeddable":true,"href":"https:\/\/dice.masterdesign.se\/unionen\/wp-json\/wp\/v2\/product_brand?post=8003"},{"taxonomy":"product_cat","embeddable":true,"href":"https:\/\/dice.masterdesign.se\/unionen\/wp-json\/wp\/v2\/product_cat?post=8003"},{"taxonomy":"product_tag","embeddable":true,"href":"https:\/\/dice.masterdesign.se\/unionen\/wp-json\/wp\/v2\/product_tag?post=8003"}],"curies":[{"name":"wp","href":"https:\/\/api.w.org\/{rel}","templated":true}]}}