{"id":8331,"date":"2025-08-14T15:21:49","date_gmt":"2025-08-14T13:21:49","guid":{"rendered":"https:\/\/dice.masterdesign.se\/unionen\/?post_type=product&#038;p=8331"},"modified":"2026-05-01T09:22:26","modified_gmt":"2026-05-01T07:22:26","slug":"taltvagg-dubbelsidig-unionen-unionengron","status":"publish","type":"product","link":"https:\/\/dice.masterdesign.se\/unionen\/produkt\/taltvagg-dubbelsidig-unionen-unionengron\/","title":{"rendered":"T\u00e4ltv\u00e4gg, dubbelsidig Unionen\/Unionengr\u00f6n"},"content":{"rendered":"","protected":false},"excerpt":{"rendered":"<p><strong>T\u00e4ltv\u00e4gg med dubbelsidigt tryck. Unionengr\u00f6n med logga p\u00e5 ena sidan och enbart Unionengr\u00f6n p\u00e5 andra sidan.<\/strong><\/p>\n<p><a href=\"https:\/\/dice.masterdesign.se\/unionen\/wp-content\/uploads\/sites\/254\/2025\/04\/Produktblad_Event-Tent-1.pdf\" target=\"_blank\" rel=\"noopener\">Produktblad med information<\/a><\/p>\n<p style=\"color: #17a624;\">Det h\u00e4r \u00e4r en produkt som produceras efter best\u00e4llning vilket leder till en l\u00e4ngre leveranstid, ca tre veckor.<\/p>\n","protected":false},"featured_media":7319,"template":"","meta":[],"product_brand":[],"product_cat":[101,152],"product_tag":[],"class_list":{"0":"post-8331","1":"product","2":"type-product","3":"status-publish","4":"has-post-thumbnail","6":"product_cat-display","7":"product_cat-eventtallt","9":"first","10":"onbackorder","11":"taxable","12":"shipping-taxable","13":"purchasable","14":"product-type-simple"},"_links":{"self":[{"href":"https:\/\/dice.masterdesign.se\/unionen\/wp-json\/wp\/v2\/product\/8331","targetHints":{"allow":["GET"]}}],"collection":[{"href":"https:\/\/dice.masterdesign.se\/unionen\/wp-json\/wp\/v2\/product"}],"about":[{"href":"https:\/\/dice.masterdesign.se\/unionen\/wp-json\/wp\/v2\/types\/product"}],"wp:featuredmedia":[{"embeddable":true,"href":"https:\/\/dice.masterdesign.se\/unionen\/wp-json\/wp\/v2\/media\/7319"}],"wp:attachment":[{"href":"https:\/\/dice.masterdesign.se\/unionen\/wp-json\/wp\/v2\/media?parent=8331"}],"wp:term":[{"taxonomy":"product_brand","embeddable":true,"href":"https:\/\/dice.masterdesign.se\/unionen\/wp-json\/wp\/v2\/product_brand?post=8331"},{"taxonomy":"product_cat","embeddable":true,"href":"https:\/\/dice.masterdesign.se\/unionen\/wp-json\/wp\/v2\/product_cat?post=8331"},{"taxonomy":"product_tag","embeddable":true,"href":"https:\/\/dice.masterdesign.se\/unionen\/wp-json\/wp\/v2\/product_tag?post=8331"}],"curies":[{"name":"wp","href":"https:\/\/api.w.org\/{rel}","templated":true}]}}