{"id":8417,"date":"2025-09-04T08:32:23","date_gmt":"2025-09-04T06:32:23","guid":{"rendered":"https:\/\/dice.masterdesign.se\/unionen\/?post_type=product&#038;p=8417"},"modified":"2026-05-01T09:22:25","modified_gmt":"2026-05-01T07:22:25","slug":"paraply-21-2","status":"publish","type":"product","link":"https:\/\/dice.masterdesign.se\/unionen\/produkt\/paraply-21-2\/","title":{"rendered":"Paraply 21&#8243;"},"content":{"rendered":"","protected":false},"excerpt":{"rendered":"<p>3-delat, 21 tums (95 cm i diameter) storms\u00e4kert sublimerat paraply i R-pet. Svartpl\u00e4terat metallskaft och ribbor i glasfiber. Automatisk \u00f6ppning och st\u00e4ngning. Inklusive fodral.<\/p>\n<p>Den h\u00e4r produkten \u00e4r \u201dUtvald\u201d av Unionen f\u00f6r dig som fackligt ombud. Det inneb\u00e4r att priset \u00e4r subventionerat med halva kostnaden f\u00f6r att synligg\u00f6ra Unionen p\u00e5 er arbetsplats.<\/p>\n","protected":false},"featured_media":3372,"template":"","meta":[],"product_brand":[],"product_cat":[36,183],"product_tag":[],"class_list":{"0":"post-8417","1":"product","2":"type-product","3":"status-publish","4":"has-post-thumbnail","6":"product_cat-produkter","7":"product_cat-utvald","9":"first","10":"instock","11":"taxable","12":"shipping-taxable","13":"purchasable","14":"product-type-simple"},"_links":{"self":[{"href":"https:\/\/dice.masterdesign.se\/unionen\/wp-json\/wp\/v2\/product\/8417","targetHints":{"allow":["GET"]}}],"collection":[{"href":"https:\/\/dice.masterdesign.se\/unionen\/wp-json\/wp\/v2\/product"}],"about":[{"href":"https:\/\/dice.masterdesign.se\/unionen\/wp-json\/wp\/v2\/types\/product"}],"wp:featuredmedia":[{"embeddable":true,"href":"https:\/\/dice.masterdesign.se\/unionen\/wp-json\/wp\/v2\/media\/3372"}],"wp:attachment":[{"href":"https:\/\/dice.masterdesign.se\/unionen\/wp-json\/wp\/v2\/media?parent=8417"}],"wp:term":[{"taxonomy":"product_brand","embeddable":true,"href":"https:\/\/dice.masterdesign.se\/unionen\/wp-json\/wp\/v2\/product_brand?post=8417"},{"taxonomy":"product_cat","embeddable":true,"href":"https:\/\/dice.masterdesign.se\/unionen\/wp-json\/wp\/v2\/product_cat?post=8417"},{"taxonomy":"product_tag","embeddable":true,"href":"https:\/\/dice.masterdesign.se\/unionen\/wp-json\/wp\/v2\/product_tag?post=8417"}],"curies":[{"name":"wp","href":"https:\/\/api.w.org\/{rel}","templated":true}]}}