{"id":8458,"date":"2025-09-15T16:26:25","date_gmt":"2025-09-15T14:26:25","guid":{"rendered":"https:\/\/dice.masterdesign.se\/unionen\/?post_type=product&#038;p=8458"},"modified":"2026-05-01T09:22:25","modified_gmt":"2026-05-01T07:22:25","slug":"hogtalare","status":"publish","type":"product","link":"https:\/\/dice.masterdesign.se\/unionen\/produkt\/hogtalare\/","title":{"rendered":"H\u00f6gtalare"},"content":{"rendered":"","protected":false},"excerpt":{"rendered":"<p>Tr\u00e5dl\u00f6s h\u00f6gtalare p\u00e5 3W i kompakt format, tillverkad av \u00e5tervunnen aluminium och ABS med ett totalt \u00e5tervunnet inneh\u00e5ll p\u00e5 28\u202f% av produktens vikt. Materialen \u00e4r RCS-certifierade, vilket s\u00e4kerst\u00e4ller en sp\u00e5rbar och verifierad \u00e5tervinningskedja. H\u00f6gtalaren har Bluetooth 5.0 med upp till 10 meters r\u00e4ckvidd, ett batteri p\u00e5 500\u202fmAh som ger upp till 4 timmars speltid och laddas fullt p\u00e5 cirka 2 timmar via medf\u00f6ljande USB-C-kabel i \u00e5tervunnen TPE. PVC-fria komponenter och leverans i FSC\u00ae-certifierad f\u00f6rpackning.<\/p>\n","protected":false},"featured_media":8477,"template":"","meta":[],"product_brand":[],"product_cat":[106,36],"product_tag":[],"class_list":{"0":"post-8458","1":"product","2":"type-product","3":"status-publish","4":"has-post-thumbnail","6":"product_cat-lagerprodukt","7":"product_cat-produkter","9":"first","10":"instock","11":"taxable","12":"shipping-taxable","13":"purchasable","14":"product-type-simple"},"_links":{"self":[{"href":"https:\/\/dice.masterdesign.se\/unionen\/wp-json\/wp\/v2\/product\/8458","targetHints":{"allow":["GET"]}}],"collection":[{"href":"https:\/\/dice.masterdesign.se\/unionen\/wp-json\/wp\/v2\/product"}],"about":[{"href":"https:\/\/dice.masterdesign.se\/unionen\/wp-json\/wp\/v2\/types\/product"}],"wp:featuredmedia":[{"embeddable":true,"href":"https:\/\/dice.masterdesign.se\/unionen\/wp-json\/wp\/v2\/media\/8477"}],"wp:attachment":[{"href":"https:\/\/dice.masterdesign.se\/unionen\/wp-json\/wp\/v2\/media?parent=8458"}],"wp:term":[{"taxonomy":"product_brand","embeddable":true,"href":"https:\/\/dice.masterdesign.se\/unionen\/wp-json\/wp\/v2\/product_brand?post=8458"},{"taxonomy":"product_cat","embeddable":true,"href":"https:\/\/dice.masterdesign.se\/unionen\/wp-json\/wp\/v2\/product_cat?post=8458"},{"taxonomy":"product_tag","embeddable":true,"href":"https:\/\/dice.masterdesign.se\/unionen\/wp-json\/wp\/v2\/product_tag?post=8458"}],"curies":[{"name":"wp","href":"https:\/\/api.w.org\/{rel}","templated":true}]}}