{"id":8490,"date":"2025-09-23T11:32:11","date_gmt":"2025-09-23T09:32:11","guid":{"rendered":"https:\/\/dice.masterdesign.se\/unionen\/?post_type=product&#038;p=8490"},"modified":"2026-05-01T09:22:25","modified_gmt":"2026-05-01T07:22:25","slug":"forsta-hjalpen-kit","status":"publish","type":"product","link":"https:\/\/dice.masterdesign.se\/unionen\/produkt\/forsta-hjalpen-kit\/","title":{"rendered":"F\u00f6rsta hj\u00e4lpen kit"},"content":{"rendered":"","protected":false},"excerpt":{"rendered":"<p>F\u00f6rstahj\u00e4lpenv\u00e4ska med grundl\u00e4ggande inneh\u00e5ll f\u00f6r att hantera mindre olyckor och skador. Inneh\u00e5ller mitella, pl\u00e5ster, pincett, s\u00e4kerhetsn\u00e5lar, tejp, sax, s\u00e5rreng\u00f6ring, kompresser, stasband, bandage och en enkel guide f\u00f6r f\u00f6rsta hj\u00e4lpen<\/p>\n<p>Storlek: 20 x 15 cm<\/p>\n","protected":false},"featured_media":9030,"template":"","meta":[],"product_brand":[],"product_cat":[36],"product_tag":[],"class_list":{"0":"post-8490","1":"product","2":"type-product","3":"status-publish","4":"has-post-thumbnail","6":"product_cat-produkter","8":"first","9":"instock","10":"taxable","11":"shipping-taxable","12":"purchasable","13":"product-type-simple"},"_links":{"self":[{"href":"https:\/\/dice.masterdesign.se\/unionen\/wp-json\/wp\/v2\/product\/8490","targetHints":{"allow":["GET"]}}],"collection":[{"href":"https:\/\/dice.masterdesign.se\/unionen\/wp-json\/wp\/v2\/product"}],"about":[{"href":"https:\/\/dice.masterdesign.se\/unionen\/wp-json\/wp\/v2\/types\/product"}],"wp:featuredmedia":[{"embeddable":true,"href":"https:\/\/dice.masterdesign.se\/unionen\/wp-json\/wp\/v2\/media\/9030"}],"wp:attachment":[{"href":"https:\/\/dice.masterdesign.se\/unionen\/wp-json\/wp\/v2\/media?parent=8490"}],"wp:term":[{"taxonomy":"product_brand","embeddable":true,"href":"https:\/\/dice.masterdesign.se\/unionen\/wp-json\/wp\/v2\/product_brand?post=8490"},{"taxonomy":"product_cat","embeddable":true,"href":"https:\/\/dice.masterdesign.se\/unionen\/wp-json\/wp\/v2\/product_cat?post=8490"},{"taxonomy":"product_tag","embeddable":true,"href":"https:\/\/dice.masterdesign.se\/unionen\/wp-json\/wp\/v2\/product_tag?post=8490"}],"curies":[{"name":"wp","href":"https:\/\/api.w.org\/{rel}","templated":true}]}}