{"id":8496,"date":"2025-09-23T11:57:36","date_gmt":"2025-09-23T09:57:36","guid":{"rendered":"https:\/\/dice.masterdesign.se\/unionen\/?post_type=product&#038;p=8496"},"modified":"2026-05-01T09:22:24","modified_gmt":"2026-05-01T07:22:24","slug":"chokladbitar-200-pack","status":"publish","type":"product","link":"https:\/\/dice.masterdesign.se\/unionen\/produkt\/chokladbitar-200-pack\/","title":{"rendered":"Chokladbitar (200-pack)"},"content":{"rendered":"<p>Mj\u00f6lkchoklad 32%<\/p>\n<p>Ingredienser: socker, kakaosm\u00f6r, helMJ\u00d6LKspulver, kakaomassa, emulgeringsmedel (SOJAlecitin),<\/p>\n<p>vaniljextrakt. Inneh\u00e5ll av kakaobest\u00e5ndsdelar i chokladen minst 32 %. Kan inneh\u00e5lla sp\u00e5r av n\u00f6tter.<\/p>\n","protected":false},"excerpt":{"rendered":"<p>Mj\u00f6lkchoklad 32%<\/p>\n<p>Vikt per ruta 5g<\/p>\n<p>BF 2026-09-01<\/p>\n","protected":false},"featured_media":8636,"template":"","meta":[],"product_brand":[],"product_cat":[97],"product_tag":[],"class_list":{"0":"post-8496","1":"product","2":"type-product","3":"status-publish","4":"has-post-thumbnail","6":"product_cat-atbart","8":"first","9":"instock","10":"taxable","11":"shipping-taxable","12":"purchasable","13":"product-type-simple"},"_links":{"self":[{"href":"https:\/\/dice.masterdesign.se\/unionen\/wp-json\/wp\/v2\/product\/8496","targetHints":{"allow":["GET"]}}],"collection":[{"href":"https:\/\/dice.masterdesign.se\/unionen\/wp-json\/wp\/v2\/product"}],"about":[{"href":"https:\/\/dice.masterdesign.se\/unionen\/wp-json\/wp\/v2\/types\/product"}],"wp:featuredmedia":[{"embeddable":true,"href":"https:\/\/dice.masterdesign.se\/unionen\/wp-json\/wp\/v2\/media\/8636"}],"wp:attachment":[{"href":"https:\/\/dice.masterdesign.se\/unionen\/wp-json\/wp\/v2\/media?parent=8496"}],"wp:term":[{"taxonomy":"product_brand","embeddable":true,"href":"https:\/\/dice.masterdesign.se\/unionen\/wp-json\/wp\/v2\/product_brand?post=8496"},{"taxonomy":"product_cat","embeddable":true,"href":"https:\/\/dice.masterdesign.se\/unionen\/wp-json\/wp\/v2\/product_cat?post=8496"},{"taxonomy":"product_tag","embeddable":true,"href":"https:\/\/dice.masterdesign.se\/unionen\/wp-json\/wp\/v2\/product_tag?post=8496"}],"curies":[{"name":"wp","href":"https:\/\/api.w.org\/{rel}","templated":true}]}}