{"id":8523,"date":"2025-09-29T11:04:26","date_gmt":"2025-09-29T09:04:26","guid":{"rendered":"https:\/\/dice.masterdesign.se\/unionen\/?post_type=product&#038;p=8523"},"modified":"2026-05-01T09:22:24","modified_gmt":"2026-05-01T07:22:24","slug":"roll-up-unionen-2","status":"publish","type":"product","link":"https:\/\/dice.masterdesign.se\/unionen\/produkt\/roll-up-unionen-2\/","title":{"rendered":"Roll-up Unionen 2"},"content":{"rendered":"","protected":false},"excerpt":{"rendered":"<p>Roll-up i storleken 85&#215;230 cm. Levereras i v\u00e4ska.<\/p>\n<p style=\"color: #17a624;\">Det h\u00e4r \u00e4r en produkt som produceras efter best\u00e4llning vilket leder till en l\u00e4ngre leveranstid, ca en vecka.<\/p>\n","protected":false},"featured_media":8519,"template":"","meta":[],"product_brand":[],"product_cat":[101,147],"product_tag":[],"class_list":{"0":"post-8523","1":"product","2":"type-product","3":"status-publish","4":"has-post-thumbnail","6":"product_cat-display","7":"product_cat-rollups","9":"first","10":"onbackorder","11":"taxable","12":"shipping-taxable","13":"purchasable","14":"product-type-simple"},"_links":{"self":[{"href":"https:\/\/dice.masterdesign.se\/unionen\/wp-json\/wp\/v2\/product\/8523","targetHints":{"allow":["GET"]}}],"collection":[{"href":"https:\/\/dice.masterdesign.se\/unionen\/wp-json\/wp\/v2\/product"}],"about":[{"href":"https:\/\/dice.masterdesign.se\/unionen\/wp-json\/wp\/v2\/types\/product"}],"wp:featuredmedia":[{"embeddable":true,"href":"https:\/\/dice.masterdesign.se\/unionen\/wp-json\/wp\/v2\/media\/8519"}],"wp:attachment":[{"href":"https:\/\/dice.masterdesign.se\/unionen\/wp-json\/wp\/v2\/media?parent=8523"}],"wp:term":[{"taxonomy":"product_brand","embeddable":true,"href":"https:\/\/dice.masterdesign.se\/unionen\/wp-json\/wp\/v2\/product_brand?post=8523"},{"taxonomy":"product_cat","embeddable":true,"href":"https:\/\/dice.masterdesign.se\/unionen\/wp-json\/wp\/v2\/product_cat?post=8523"},{"taxonomy":"product_tag","embeddable":true,"href":"https:\/\/dice.masterdesign.se\/unionen\/wp-json\/wp\/v2\/product_tag?post=8523"}],"curies":[{"name":"wp","href":"https:\/\/api.w.org\/{rel}","templated":true}]}}