{"id":8776,"date":"2025-10-21T14:37:15","date_gmt":"2025-10-21T12:37:15","guid":{"rendered":"https:\/\/dice.masterdesign.se\/unionen\/?post_type=product&#038;p=8776"},"modified":"2026-05-01T09:22:22","modified_gmt":"2026-05-01T07:22:22","slug":"namnskylt-med-eget-namn","status":"publish","type":"product","link":"https:\/\/dice.masterdesign.se\/unionen\/produkt\/namnskylt-med-eget-namn\/","title":{"rendered":"Namnskylt med eget namn"},"content":{"rendered":"","protected":false},"excerpt":{"rendered":"<p>Rektangul\u00e4r skylt i vitblank aluminium med magnetf\u00e4ste. M\u00e5tt 60 x 30 mm. Utf\u00f6rd med raka kanter och rundstansade h\u00f6rn f\u00f6r en mjukare form. Trycks med logotyp och angivet namn.<\/p>\n<p>&nbsp;<\/p>\n<p>Den h\u00e4r produkten \u00e4r \u201dUtvald\u201d av Unionen f\u00f6r dig som fackligt ombud. Det inneb\u00e4r att priset \u00e4r subventionerat med halva kostnaden f\u00f6r att synligg\u00f6ra Unionen p\u00e5 er arbetsplats.<\/p>\n<p style=\"color: #17a624;\">Det h\u00e4r \u00e4r en produkt som produceras efter best\u00e4llning vilket leder till en l\u00e4ngre leveranstid, ca tv\u00e5-tre veckor.<\/p>\n","protected":false},"featured_media":8852,"template":"","meta":[],"product_brand":[],"product_cat":[169],"product_tag":[],"class_list":{"0":"post-8776","1":"product","2":"type-product","3":"status-publish","4":"has-post-thumbnail","6":"product_cat-pins","7":"product_shipping_class-hallmans","9":"first","10":"instock","11":"taxable","12":"shipping-taxable","13":"purchasable","14":"product-type-simple"},"_links":{"self":[{"href":"https:\/\/dice.masterdesign.se\/unionen\/wp-json\/wp\/v2\/product\/8776","targetHints":{"allow":["GET"]}}],"collection":[{"href":"https:\/\/dice.masterdesign.se\/unionen\/wp-json\/wp\/v2\/product"}],"about":[{"href":"https:\/\/dice.masterdesign.se\/unionen\/wp-json\/wp\/v2\/types\/product"}],"wp:featuredmedia":[{"embeddable":true,"href":"https:\/\/dice.masterdesign.se\/unionen\/wp-json\/wp\/v2\/media\/8852"}],"wp:attachment":[{"href":"https:\/\/dice.masterdesign.se\/unionen\/wp-json\/wp\/v2\/media?parent=8776"}],"wp:term":[{"taxonomy":"product_brand","embeddable":true,"href":"https:\/\/dice.masterdesign.se\/unionen\/wp-json\/wp\/v2\/product_brand?post=8776"},{"taxonomy":"product_cat","embeddable":true,"href":"https:\/\/dice.masterdesign.se\/unionen\/wp-json\/wp\/v2\/product_cat?post=8776"},{"taxonomy":"product_tag","embeddable":true,"href":"https:\/\/dice.masterdesign.se\/unionen\/wp-json\/wp\/v2\/product_tag?post=8776"}],"curies":[{"name":"wp","href":"https:\/\/api.w.org\/{rel}","templated":true}]}}