{"id":8783,"date":"2025-10-23T11:20:16","date_gmt":"2025-10-23T09:20:16","guid":{"rendered":"https:\/\/dice.masterdesign.se\/unionen\/?post_type=product&#038;p=8783"},"modified":"2026-05-01T09:22:22","modified_gmt":"2026-05-01T07:22:22","slug":"brandfilt","status":"publish","type":"product","link":"https:\/\/dice.masterdesign.se\/unionen\/produkt\/brandfilt\/","title":{"rendered":"Brandfilt"},"content":{"rendered":"","protected":false},"excerpt":{"rendered":"<p>En brandfilt sk\u00e4nker trygghet! Lika v\u00e4rdefull under alla \u00e5rstider. En brandfilt b\u00f6r alltid finnas l\u00e4ttillg\u00e4nglig i hemmet, bilen, husvagnen etc. D\u00e5 har du m\u00f6jlighet att r\u00e4dda liv och egendom<\/p>\n<p>Tillverkade av glasfiberv\u00e4v, godk\u00e4nda enligt EN 1869:2019.<\/p>\n<p>Fodral: 21 x 33,5 cm<br \/>\nBrandfilt: 120 x 180 cm<\/p>\n","protected":false},"featured_media":8870,"template":"","meta":[],"product_brand":[],"product_cat":[36],"product_tag":[],"class_list":{"0":"post-8783","1":"product","2":"type-product","3":"status-publish","4":"has-post-thumbnail","6":"product_cat-produkter","8":"first","9":"instock","10":"taxable","11":"shipping-taxable","12":"purchasable","13":"product-type-simple"},"_links":{"self":[{"href":"https:\/\/dice.masterdesign.se\/unionen\/wp-json\/wp\/v2\/product\/8783","targetHints":{"allow":["GET"]}}],"collection":[{"href":"https:\/\/dice.masterdesign.se\/unionen\/wp-json\/wp\/v2\/product"}],"about":[{"href":"https:\/\/dice.masterdesign.se\/unionen\/wp-json\/wp\/v2\/types\/product"}],"wp:featuredmedia":[{"embeddable":true,"href":"https:\/\/dice.masterdesign.se\/unionen\/wp-json\/wp\/v2\/media\/8870"}],"wp:attachment":[{"href":"https:\/\/dice.masterdesign.se\/unionen\/wp-json\/wp\/v2\/media?parent=8783"}],"wp:term":[{"taxonomy":"product_brand","embeddable":true,"href":"https:\/\/dice.masterdesign.se\/unionen\/wp-json\/wp\/v2\/product_brand?post=8783"},{"taxonomy":"product_cat","embeddable":true,"href":"https:\/\/dice.masterdesign.se\/unionen\/wp-json\/wp\/v2\/product_cat?post=8783"},{"taxonomy":"product_tag","embeddable":true,"href":"https:\/\/dice.masterdesign.se\/unionen\/wp-json\/wp\/v2\/product_tag?post=8783"}],"curies":[{"name":"wp","href":"https:\/\/api.w.org\/{rel}","templated":true}]}}