{"id":8863,"date":"2025-10-27T14:24:00","date_gmt":"2025-10-27T13:24:00","guid":{"rendered":"https:\/\/dice.masterdesign.se\/unionen\/?post_type=product&#038;p=8863"},"modified":"2026-05-01T09:22:21","modified_gmt":"2026-05-01T07:22:21","slug":"yoyo-med-baltesklamma-2","status":"publish","type":"product","link":"https:\/\/dice.masterdesign.se\/unionen\/produkt\/yoyo-med-baltesklamma-2\/","title":{"rendered":"Yoyo med b\u00e4lteskl\u00e4mma"},"content":{"rendered":"","protected":false},"excerpt":{"rendered":"<p>Nyckelring med b\u00e4ltesclip och utdragbar nylonlina som n\u00e5r upp till 80 cm. H\u00f6lje i slitstark ABS-plast med detaljer i zinklegering g\u00f6r den b\u00e5de l\u00e4tt och t\u00e5lig f\u00f6r daglig anv\u00e4ndning. Praktisk l\u00f6sning f\u00f6r nycklar eller passerkort som beh\u00f6ver vara l\u00e4ttillg\u00e4ngliga men s\u00e4kert f\u00e4sta.<\/p>\n<p>Den h\u00e4r produkten \u00e4r \u201dUtvald\u201d av Unionen f\u00f6r dig som fackligt ombud. Det inneb\u00e4r att priset \u00e4r subventionerat med halva kostnaden f\u00f6r att synligg\u00f6ra Unionen p\u00e5 er arbetsplats.<\/p>\n","protected":false},"featured_media":8842,"template":"","meta":[],"product_brand":[],"product_cat":[36],"product_tag":[],"class_list":{"0":"post-8863","1":"product","2":"type-product","3":"status-publish","4":"has-post-thumbnail","6":"product_cat-produkter","8":"first","9":"instock","10":"taxable","11":"shipping-taxable","12":"purchasable","13":"product-type-simple"},"_links":{"self":[{"href":"https:\/\/dice.masterdesign.se\/unionen\/wp-json\/wp\/v2\/product\/8863","targetHints":{"allow":["GET"]}}],"collection":[{"href":"https:\/\/dice.masterdesign.se\/unionen\/wp-json\/wp\/v2\/product"}],"about":[{"href":"https:\/\/dice.masterdesign.se\/unionen\/wp-json\/wp\/v2\/types\/product"}],"wp:featuredmedia":[{"embeddable":true,"href":"https:\/\/dice.masterdesign.se\/unionen\/wp-json\/wp\/v2\/media\/8842"}],"wp:attachment":[{"href":"https:\/\/dice.masterdesign.se\/unionen\/wp-json\/wp\/v2\/media?parent=8863"}],"wp:term":[{"taxonomy":"product_brand","embeddable":true,"href":"https:\/\/dice.masterdesign.se\/unionen\/wp-json\/wp\/v2\/product_brand?post=8863"},{"taxonomy":"product_cat","embeddable":true,"href":"https:\/\/dice.masterdesign.se\/unionen\/wp-json\/wp\/v2\/product_cat?post=8863"},{"taxonomy":"product_tag","embeddable":true,"href":"https:\/\/dice.masterdesign.se\/unionen\/wp-json\/wp\/v2\/product_tag?post=8863"}],"curies":[{"name":"wp","href":"https:\/\/api.w.org\/{rel}","templated":true}]}}