{"id":9258,"date":"2025-12-05T13:37:12","date_gmt":"2025-12-05T12:37:12","guid":{"rendered":"https:\/\/dice.masterdesign.se\/unionen\/?post_type=product&#038;p=9258"},"modified":"2026-05-01T09:22:20","modified_gmt":"2026-05-01T07:22:20","slug":"musmatta","status":"publish","type":"product","link":"https:\/\/dice.masterdesign.se\/unionen\/produkt\/musmatta\/","title":{"rendered":"Musmatta"},"content":{"rendered":"","protected":false},"excerpt":{"rendered":"<p>Denna musmatta \u00e4r ett milj\u00f6v\u00e4nligt val tillverkad av R-PET material och FSC certifierat naturgummi. Med en baksida av naturgummi ger den en maximal kontaktyta mot ditt skrivbord och g\u00f6r att du aldrig tappar f\u00e4stet. Med framsidans textil, tillverkad av \u00e5tervunna PET flaskor, glider datormusen l\u00e4tt \u00f6ver musmattan.<\/p>\n<p>Storlek: 240x200x3mm<\/p>\n","protected":false},"featured_media":9405,"template":"","meta":[],"product_brand":[],"product_cat":[36],"product_tag":[],"class_list":{"0":"post-9258","1":"product","2":"type-product","3":"status-publish","4":"has-post-thumbnail","6":"product_cat-produkter","8":"first","9":"instock","10":"taxable","11":"shipping-taxable","12":"purchasable","13":"product-type-simple"},"_links":{"self":[{"href":"https:\/\/dice.masterdesign.se\/unionen\/wp-json\/wp\/v2\/product\/9258","targetHints":{"allow":["GET"]}}],"collection":[{"href":"https:\/\/dice.masterdesign.se\/unionen\/wp-json\/wp\/v2\/product"}],"about":[{"href":"https:\/\/dice.masterdesign.se\/unionen\/wp-json\/wp\/v2\/types\/product"}],"wp:featuredmedia":[{"embeddable":true,"href":"https:\/\/dice.masterdesign.se\/unionen\/wp-json\/wp\/v2\/media\/9405"}],"wp:attachment":[{"href":"https:\/\/dice.masterdesign.se\/unionen\/wp-json\/wp\/v2\/media?parent=9258"}],"wp:term":[{"taxonomy":"product_brand","embeddable":true,"href":"https:\/\/dice.masterdesign.se\/unionen\/wp-json\/wp\/v2\/product_brand?post=9258"},{"taxonomy":"product_cat","embeddable":true,"href":"https:\/\/dice.masterdesign.se\/unionen\/wp-json\/wp\/v2\/product_cat?post=9258"},{"taxonomy":"product_tag","embeddable":true,"href":"https:\/\/dice.masterdesign.se\/unionen\/wp-json\/wp\/v2\/product_tag?post=9258"}],"curies":[{"name":"wp","href":"https:\/\/api.w.org\/{rel}","templated":true}]}}