{"id":9447,"date":"2026-01-29T10:47:32","date_gmt":"2026-01-29T09:47:32","guid":{"rendered":"https:\/\/dice.masterdesign.se\/unionen\/?post_type=product&#038;p=9447"},"modified":"2026-05-01T09:22:20","modified_gmt":"2026-05-01T07:22:20","slug":"blackpenna-25-pack","status":"publish","type":"product","link":"https:\/\/dice.masterdesign.se\/unionen\/produkt\/blackpenna-25-pack\/","title":{"rendered":"Bl\u00e4ckpenna (25-pack)"},"content":{"rendered":"","protected":false},"excerpt":{"rendered":"<p>En klassisk, elegant kulspetspenna. Raja Chrome Recycled \u00e4r en milj\u00f6anpassad reklampenna, pennkroppen \u00e4r tillverkad av &gt;90% \u00e5tervunnen ABS-plast (PCR), certifierad Lifetwo 10 enligt CSI. Inneh\u00e5ller en uppgraderad refill som skriver 4000m f\u00f6r l\u00e4ngre h\u00e5llbarhet.<\/p>\n","protected":false},"featured_media":9460,"template":"","meta":[],"product_brand":[],"product_cat":[36],"product_tag":[],"class_list":{"0":"post-9447","1":"product","2":"type-product","3":"status-publish","4":"has-post-thumbnail","6":"product_cat-produkter","8":"first","9":"instock","10":"taxable","11":"shipping-taxable","12":"purchasable","13":"product-type-simple"},"_links":{"self":[{"href":"https:\/\/dice.masterdesign.se\/unionen\/wp-json\/wp\/v2\/product\/9447","targetHints":{"allow":["GET"]}}],"collection":[{"href":"https:\/\/dice.masterdesign.se\/unionen\/wp-json\/wp\/v2\/product"}],"about":[{"href":"https:\/\/dice.masterdesign.se\/unionen\/wp-json\/wp\/v2\/types\/product"}],"wp:featuredmedia":[{"embeddable":true,"href":"https:\/\/dice.masterdesign.se\/unionen\/wp-json\/wp\/v2\/media\/9460"}],"wp:attachment":[{"href":"https:\/\/dice.masterdesign.se\/unionen\/wp-json\/wp\/v2\/media?parent=9447"}],"wp:term":[{"taxonomy":"product_brand","embeddable":true,"href":"https:\/\/dice.masterdesign.se\/unionen\/wp-json\/wp\/v2\/product_brand?post=9447"},{"taxonomy":"product_cat","embeddable":true,"href":"https:\/\/dice.masterdesign.se\/unionen\/wp-json\/wp\/v2\/product_cat?post=9447"},{"taxonomy":"product_tag","embeddable":true,"href":"https:\/\/dice.masterdesign.se\/unionen\/wp-json\/wp\/v2\/product_tag?post=9447"}],"curies":[{"name":"wp","href":"https:\/\/api.w.org\/{rel}","templated":true}]}}