{"id":9509,"date":"2026-02-10T09:05:58","date_gmt":"2026-02-10T08:05:58","guid":{"rendered":"https:\/\/dice.masterdesign.se\/unionen\/?post_type=product&#038;p=9509"},"modified":"2026-05-01T09:24:00","modified_gmt":"2026-05-01T07:24:00","slug":"tranings-t-shirt-dam","status":"publish","type":"product","link":"https:\/\/dice.masterdesign.se\/unionen\/produkt\/tranings-t-shirt-dam\/","title":{"rendered":"Tr\u00e4nings t-shirt dam"},"content":{"rendered":"","protected":false},"excerpt":{"rendered":"<p>Craft Core Unify Training Tee \u00e4r designad f\u00f6r aktiva m\u00e4nniskor som v\u00e4rdes\u00e4tter h\u00f6g komfort och h\u00f6g kvalit\u00e9. Tr\u00e4nings-t-shirten \u00e4r gjord av \u00e5tervunnen, mjuk och funktionell polyester och har dessutom sv\u00e4ngda sids\u00f6mmar f\u00f6r ett atletiskt, modernt utseende.<\/p>\n","protected":false},"featured_media":9515,"template":"","meta":[],"product_brand":[],"product_cat":[73,135,196],"product_tag":[],"class_list":{"0":"post-9509","1":"product","2":"type-product","3":"status-publish","4":"has-post-thumbnail","6":"product_cat-bestallningssortiment","7":"product_cat-kortarmat","8":"product_cat-traning","10":"first","11":"onbackorder","12":"taxable","13":"shipping-taxable","14":"purchasable","15":"product-type-variable","16":"has-default-attributes"},"_links":{"self":[{"href":"https:\/\/dice.masterdesign.se\/unionen\/wp-json\/wp\/v2\/product\/9509","targetHints":{"allow":["GET"]}}],"collection":[{"href":"https:\/\/dice.masterdesign.se\/unionen\/wp-json\/wp\/v2\/product"}],"about":[{"href":"https:\/\/dice.masterdesign.se\/unionen\/wp-json\/wp\/v2\/types\/product"}],"wp:featuredmedia":[{"embeddable":true,"href":"https:\/\/dice.masterdesign.se\/unionen\/wp-json\/wp\/v2\/media\/9515"}],"wp:attachment":[{"href":"https:\/\/dice.masterdesign.se\/unionen\/wp-json\/wp\/v2\/media?parent=9509"}],"wp:term":[{"taxonomy":"product_brand","embeddable":true,"href":"https:\/\/dice.masterdesign.se\/unionen\/wp-json\/wp\/v2\/product_brand?post=9509"},{"taxonomy":"product_cat","embeddable":true,"href":"https:\/\/dice.masterdesign.se\/unionen\/wp-json\/wp\/v2\/product_cat?post=9509"},{"taxonomy":"product_tag","embeddable":true,"href":"https:\/\/dice.masterdesign.se\/unionen\/wp-json\/wp\/v2\/product_tag?post=9509"}],"curies":[{"name":"wp","href":"https:\/\/api.w.org\/{rel}","templated":true}]}}