{"id":9606,"date":"2026-02-27T10:59:06","date_gmt":"2026-02-27T09:59:06","guid":{"rendered":"https:\/\/dice.masterdesign.se\/unionen\/?post_type=product&#038;p=9606"},"modified":"2026-05-01T09:22:19","modified_gmt":"2026-05-01T07:22:19","slug":"handrengoringsgel-50ml","status":"publish","type":"product","link":"https:\/\/dice.masterdesign.se\/unionen\/produkt\/handrengoringsgel-50ml\/","title":{"rendered":"Handreng\u00f6ringsgel 50ml"},"content":{"rendered":"","protected":false},"excerpt":{"rendered":"<p>Alcogel \/ Handgel med 70% alkohol i 50 ml PET-flaska \u00e4r den perfekta produkten f\u00f6r handdesinfektion p\u00e5 ett snabbt och effektivt s\u00e4tt! Inneh\u00e5ller en formula av b\u00e5de E-vitamin och glyserin som \u00e5terfuktar.\u00a0 Alcogelen desinficerar snabbt och d\u00f6dar 99.9% av bakterierna. Allt f\u00f6r en god handhygien. Antiviral och antibakteriell effekt enligt g\u00e4llande standarder, EN 14476 (antiviral) och EN 1550 (antibakteriell).<\/p>\n","protected":false},"featured_media":9609,"template":"","meta":[],"product_brand":[],"product_cat":[36],"product_tag":[],"class_list":{"0":"post-9606","1":"product","2":"type-product","3":"status-publish","4":"has-post-thumbnail","6":"product_cat-produkter","8":"first","9":"instock","10":"taxable","11":"shipping-taxable","12":"purchasable","13":"product-type-simple"},"_links":{"self":[{"href":"https:\/\/dice.masterdesign.se\/unionen\/wp-json\/wp\/v2\/product\/9606","targetHints":{"allow":["GET"]}}],"collection":[{"href":"https:\/\/dice.masterdesign.se\/unionen\/wp-json\/wp\/v2\/product"}],"about":[{"href":"https:\/\/dice.masterdesign.se\/unionen\/wp-json\/wp\/v2\/types\/product"}],"wp:featuredmedia":[{"embeddable":true,"href":"https:\/\/dice.masterdesign.se\/unionen\/wp-json\/wp\/v2\/media\/9609"}],"wp:attachment":[{"href":"https:\/\/dice.masterdesign.se\/unionen\/wp-json\/wp\/v2\/media?parent=9606"}],"wp:term":[{"taxonomy":"product_brand","embeddable":true,"href":"https:\/\/dice.masterdesign.se\/unionen\/wp-json\/wp\/v2\/product_brand?post=9606"},{"taxonomy":"product_cat","embeddable":true,"href":"https:\/\/dice.masterdesign.se\/unionen\/wp-json\/wp\/v2\/product_cat?post=9606"},{"taxonomy":"product_tag","embeddable":true,"href":"https:\/\/dice.masterdesign.se\/unionen\/wp-json\/wp\/v2\/product_tag?post=9606"}],"curies":[{"name":"wp","href":"https:\/\/api.w.org\/{rel}","templated":true}]}}