{"id":9745,"date":"2026-04-09T14:06:11","date_gmt":"2026-04-09T12:06:11","guid":{"rendered":"https:\/\/dice.masterdesign.se\/unionen\/?post_type=product&#038;p=9745"},"modified":"2026-05-01T09:22:19","modified_gmt":"2026-05-01T07:22:19","slug":"godislada-15kg","status":"publish","type":"product","link":"https:\/\/dice.masterdesign.se\/unionen\/produkt\/godislada-15kg\/","title":{"rendered":"Pappsk\u00e5l med karameller 1,5 kg"},"content":{"rendered":"<p>Pulverfylld Citron\/lakrits:<br \/>\nSocker, glukossirap, ammoniumklorid, aromer, surhetsreglerande medel (\u00e4ppelsyra),<br \/>\nlakritspulver, f\u00e4rg\u00e4mnen (E153, E100).<\/p>\n<p>Pulverfylld Hallon\/lakrits:<br \/>\nSocker, glukossirap, ammoniumklorid, aromer, surhetsreglerande medel (\u00e4ppelsyra), lakritspulver, f\u00e4rg\u00e4mnen (E153, E120).<\/p>\n<p>Fizzy:<br \/>\nSocker, glukossirap, surhetsreglerande medel (\u00e4ppelsyra, natriumbikarbonat), arom, f\u00e4rg\u00e4mnen (E120, E133).<\/p>\n","protected":false},"excerpt":{"rendered":"<p>Godisl\u00e5da med karameller i 3st olika smaker.<\/p>\n<p>Hallon\/lakrits<br \/>\nCitron\/lakrtis<br \/>\nFizzy<\/p>\n<p>BF: 2028-04-07<\/p>\n","protected":false},"featured_media":9780,"template":"","meta":[],"product_brand":[],"product_cat":[97],"product_tag":[],"class_list":{"0":"post-9745","1":"product","2":"type-product","3":"status-publish","4":"has-post-thumbnail","6":"product_cat-atbart","8":"first","9":"instock","10":"taxable","11":"shipping-taxable","12":"purchasable","13":"product-type-simple"},"_links":{"self":[{"href":"https:\/\/dice.masterdesign.se\/unionen\/wp-json\/wp\/v2\/product\/9745","targetHints":{"allow":["GET"]}}],"collection":[{"href":"https:\/\/dice.masterdesign.se\/unionen\/wp-json\/wp\/v2\/product"}],"about":[{"href":"https:\/\/dice.masterdesign.se\/unionen\/wp-json\/wp\/v2\/types\/product"}],"wp:featuredmedia":[{"embeddable":true,"href":"https:\/\/dice.masterdesign.se\/unionen\/wp-json\/wp\/v2\/media\/9780"}],"wp:attachment":[{"href":"https:\/\/dice.masterdesign.se\/unionen\/wp-json\/wp\/v2\/media?parent=9745"}],"wp:term":[{"taxonomy":"product_brand","embeddable":true,"href":"https:\/\/dice.masterdesign.se\/unionen\/wp-json\/wp\/v2\/product_brand?post=9745"},{"taxonomy":"product_cat","embeddable":true,"href":"https:\/\/dice.masterdesign.se\/unionen\/wp-json\/wp\/v2\/product_cat?post=9745"},{"taxonomy":"product_tag","embeddable":true,"href":"https:\/\/dice.masterdesign.se\/unionen\/wp-json\/wp\/v2\/product_tag?post=9745"}],"curies":[{"name":"wp","href":"https:\/\/api.w.org\/{rel}","templated":true}]}}